{"id":3165,"date":"2021-08-24T14:36:52","date_gmt":"2021-08-24T12:36:52","guid":{"rendered":"https:\/\/une-gaufrette-saperlipopette.be\/?page_id=3165"},"modified":"2021-08-24T14:48:59","modified_gmt":"2021-08-24T12:48:59","slug":"whats-new","status":"publish","type":"page","link":"https:\/\/une-gaufrette-saperlipopette.be\/en\/whats-new\/","title":{"rendered":"what&#8217;s new ?"},"content":{"rendered":"\t\t<div data-elementor-type=\"wp-page\" data-elementor-id=\"3165\" class=\"elementor elementor-3165 elementor-3164\" data-elementor-settings=\"[]\">\r\n\t\t\t\t\t\t<div class=\"elementor-inner\">\r\n\t\t\t\t\t\t\t<div class=\"elementor-section-wrap\">\r\n\t\t\t\t\t\t\t<section class=\"elementor-section elementor-top-section elementor-element elementor-element-50f46047 elementor-section-height-min-height elementor-section-content-middle elementor-section-boxed elementor-section-height-default elementor-section-items-middle\" data-id=\"50f46047\" data-element_type=\"section\" data-settings=\"{&quot;background_background&quot;:&quot;classic&quot;}\">\r\n\t\t\t\t\t\t\t<div class=\"elementor-background-overlay\"><\/div>\r\n\t\t\t\t\t\t\t<div class=\"elementor-container elementor-column-gap-no\">\r\n\t\t\t\t\t\t\t<div class=\"elementor-row\">\r\n\t\t\t\t\t<div class=\"elementor-column elementor-col-100 elementor-top-column elementor-element elementor-element-7966a044\" data-id=\"7966a044\" data-element_type=\"column\">\r\n\t\t\t<div class=\"elementor-column-wrap elementor-element-populated\">\r\n\t\t\t\t\t\t\t<div class=\"elementor-widget-wrap\">\r\n\t\t\t\t\t\t<div class=\"elementor-element elementor-element-14784c65 elementor-widget elementor-widget-heading\" data-id=\"14784c65\" data-element_type=\"widget\" data-widget_type=\"heading.default\">\r\n\t\t\t\t<div class=\"elementor-widget-container\">\r\n\t\t\t<h1 class=\"elementor-heading-title elementor-size-default\">what&#8217;s new ?<\/h1>\t\t<\/div>\r\n\t\t\t\t<\/div>\r\n\t\t\t\t<div class=\"elementor-element elementor-element-4640b8f elementor-widget-divider--view-line elementor-widget elementor-widget-divider\" data-id=\"4640b8f\" data-element_type=\"widget\" data-widget_type=\"divider.default\">\r\n\t\t\t\t<div class=\"elementor-widget-container\">\r\n\t\t\t\t\t<div class=\"elementor-divider\">\r\n\t\t\t<span class=\"elementor-divider-separator\">\r\n\t\t\t\t\t\t<\/span>\r\n\t\t<\/div>\r\n\t\t\t\t<\/div>\r\n\t\t\t\t<\/div>\r\n\t\t\t\t<div class=\"elementor-element elementor-element-4077b954 elementor-widget__width-initial elementor-widget elementor-widget-text-editor\" data-id=\"4077b954\" data-element_type=\"widget\" data-widget_type=\"text-editor.default\">\r\n\t\t\t\t<div class=\"elementor-widget-container\">\r\n\t\t\t\t\t\t\t\t<div class=\"elementor-text-editor elementor-clearfix\">\r\n\t\t\t\t<p>Every month, explore a new topical feature and a playlist to be enjoyed on Spotify (only available in French).<\/p>\n\t\t\t\t\t<\/div>\r\n\t\t\t\t\t\t<\/div>\r\n\t\t\t\t<\/div>\r\n\t\t\t\t<div class=\"elementor-element elementor-element-3d60203a elementor-view-default elementor-widget elementor-widget-icon\" data-id=\"3d60203a\" data-element_type=\"widget\" data-widget_type=\"icon.default\">\r\n\t\t\t\t<div class=\"elementor-widget-container\">\r\n\t\t\t\t\t<div class=\"elementor-icon-wrapper\">\r\n\t\t\t<a class=\"elementor-icon elementor-animation-grow\" href=\"#main\">\r\n\t\t\t<i aria-hidden=\"true\" class=\"fas fa-angle-down\"><\/i>\t\t\t<\/a>\r\n\t\t<\/div>\r\n\t\t\t\t<\/div>\r\n\t\t\t\t<\/div>\r\n\t\t\t\t\t\t<\/div>\r\n\t\t\t\t\t<\/div>\r\n\t\t<\/div>\r\n\t\t\t\t\t\t\t\t<\/div>\r\n\t\t\t\t\t<\/div>\r\n\t\t<\/section>\r\n\t\t\t\t<section class=\"elementor-section elementor-top-section elementor-element elementor-element-0b2544d elementor-section-boxed elementor-section-height-default elementor-section-height-default\" data-id=\"0b2544d\" data-element_type=\"section\" id=\"main\" data-settings=\"{&quot;background_background&quot;:&quot;classic&quot;}\">\r\n\t\t\t\t\t\t<div class=\"elementor-container elementor-column-gap-default\">\r\n\t\t\t\t\t\t\t<div class=\"elementor-row\">\r\n\t\t\t\t\t<div class=\"elementor-column elementor-col-100 elementor-top-column elementor-element elementor-element-b1bcaf8\" data-id=\"b1bcaf8\" data-element_type=\"column\">\r\n\t\t\t<div class=\"elementor-column-wrap elementor-element-populated\">\r\n\t\t\t\t\t\t\t<div class=\"elementor-widget-wrap\">\r\n\t\t\t\t\t\t<div class=\"elementor-element elementor-element-76d0f86 elementor-grid-3 elementor-grid-tablet-2 elementor-grid-mobile-1 elementor-posts--thumbnail-top elementor-widget elementor-widget-posts\" data-id=\"76d0f86\" data-element_type=\"widget\" data-settings=\"{&quot;pagination_type&quot;:&quot;numbers_and_prev_next&quot;,&quot;classic_columns&quot;:&quot;3&quot;,&quot;classic_columns_tablet&quot;:&quot;2&quot;,&quot;classic_columns_mobile&quot;:&quot;1&quot;,&quot;classic_row_gap&quot;:{&quot;unit&quot;:&quot;px&quot;,&quot;size&quot;:35,&quot;sizes&quot;:[]},&quot;classic_row_gap_tablet&quot;:{&quot;unit&quot;:&quot;px&quot;,&quot;size&quot;:&quot;&quot;,&quot;sizes&quot;:[]},&quot;classic_row_gap_mobile&quot;:{&quot;unit&quot;:&quot;px&quot;,&quot;size&quot;:&quot;&quot;,&quot;sizes&quot;:[]}}\" data-widget_type=\"posts.classic\">\r\n\t\t\t\t<div class=\"elementor-widget-container\">\r\n\t\t\t\t\t<div class=\"elementor-posts-container elementor-posts elementor-posts--skin-classic elementor-grid\">\r\n\t\t\t\t<article class=\"elementor-post elementor-grid-item post-4680 post type-post status-publish format-standard has-post-thumbnail hentry category-actu-avec-playlist\">\r\n\t\t\t\t<a class=\"elementor-post__thumbnail__link\" href=\"https:\/\/une-gaufrette-saperlipopette.be\/en\/bonne-annee-enfevee\/\" >\r\n\t\t\t<div class=\"elementor-post__thumbnail\"><img width=\"768\" height=\"513\" src=\"https:\/\/une-gaufrette-saperlipopette.be\/wp-content\/uploads\/DSC7204-768x513.jpg\" class=\"attachment-medium_large size-medium_large\" alt=\"\" loading=\"lazy\" \/><\/div>\r\n\t\t<\/a>\r\n\t\t\t\t<div class=\"elementor-post__text\">\r\n\t\t\t\t<h3 class=\"elementor-post__title\">\r\n\t\t\t<a href=\"https:\/\/une-gaufrette-saperlipopette.be\/en\/bonne-annee-enfevee\/\" >\r\n\t\t\t\tBonne ann\u00e9e enf\u00e9v\u00e9e !\t\t\t<\/a>\r\n\t\t<\/h3>\r\n\t\t\t\t<div class=\"elementor-post__meta-data\">\r\n\t\t\t\t\t<span class=\"elementor-post-date\">\r\n\t\t\t6 January 2023\t\t<\/span>\r\n\t\t\t\t<\/div>\r\n\t\t\t\t<div class=\"elementor-post__excerpt\">\r\n\t\t\t<p>On d\u00e9marre l\u2019ann\u00e9e 2023 plus motiv\u00e9s que jamais, avec de nouveaux projets plein la t\u00eate et plein les mains. Des<\/p>\n\t\t<\/div>\r\n\t\t\t\t\t<a class=\"elementor-post__read-more\" href=\"https:\/\/une-gaufrette-saperlipopette.be\/en\/bonne-annee-enfevee\/\" >\r\n\t\t\t\tRead more \u00bb\t\t\t<\/a>\r\n\t\t\t\t<\/div>\r\n\t\t\t\t<\/article>\r\n\t\t\t\t<article class=\"elementor-post elementor-grid-item post-4648 post type-post status-publish format-standard has-post-thumbnail hentry category-actu-avec-playlist\">\r\n\t\t\t\t<a class=\"elementor-post__thumbnail__link\" href=\"https:\/\/une-gaufrette-saperlipopette.be\/en\/367-jours-par-an-dans-les-epiceries-uhoda\/\" >\r\n\t\t\t<div class=\"elementor-post__thumbnail\"><img width=\"768\" height=\"513\" src=\"https:\/\/une-gaufrette-saperlipopette.be\/wp-content\/uploads\/homepage_cover-2-768x513.jpg\" class=\"attachment-medium_large size-medium_large\" alt=\"\" loading=\"lazy\" \/><\/div>\r\n\t\t<\/a>\r\n\t\t\t\t<div class=\"elementor-post__text\">\r\n\t\t\t\t<h3 class=\"elementor-post__title\">\r\n\t\t\t<a href=\"https:\/\/une-gaufrette-saperlipopette.be\/en\/367-jours-par-an-dans-les-epiceries-uhoda\/\" >\r\n\t\t\t\t367 jours par an dans les \u00e9piceries Uhoda\t\t\t<\/a>\r\n\t\t<\/h3>\r\n\t\t\t\t<div class=\"elementor-post__meta-data\">\r\n\t\t\t\t\t<span class=\"elementor-post-date\">\r\n\t\t\t31 October 2022\t\t<\/span>\r\n\t\t\t\t<\/div>\r\n\t\t\t\t<div class=\"elementor-post__excerpt\">\r\n\t\t\t<p>Ces 1er et 11 novembre, nous serons ferm\u00e9s, mais voici une nouvelle qui, on l\u2019esp\u00e8re, va vous ravir : dans<\/p>\n\t\t<\/div>\r\n\t\t\t\t\t<a class=\"elementor-post__read-more\" href=\"https:\/\/une-gaufrette-saperlipopette.be\/en\/367-jours-par-an-dans-les-epiceries-uhoda\/\" >\r\n\t\t\t\tRead more \u00bb\t\t\t<\/a>\r\n\t\t\t\t<\/div>\r\n\t\t\t\t<\/article>\r\n\t\t\t\t<article class=\"elementor-post elementor-grid-item post-4609 post type-post status-publish format-standard has-post-thumbnail hentry category-actu-avec-playlist\">\r\n\t\t\t\t<a class=\"elementor-post__thumbnail__link\" href=\"https:\/\/une-gaufrette-saperlipopette.be\/en\/au-moulin-puis-au-four\/\" >\r\n\t\t\t<div class=\"elementor-post__thumbnail\"><img width=\"768\" height=\"511\" src=\"https:\/\/une-gaufrette-saperlipopette.be\/wp-content\/uploads\/DSC2937-768x511.jpg\" class=\"attachment-medium_large size-medium_large\" alt=\"\" loading=\"lazy\" \/><\/div>\r\n\t\t<\/a>\r\n\t\t\t\t<div class=\"elementor-post__text\">\r\n\t\t\t\t<h3 class=\"elementor-post__title\">\r\n\t\t\t<a href=\"https:\/\/une-gaufrette-saperlipopette.be\/en\/au-moulin-puis-au-four\/\" >\r\n\t\t\t\tAu moulin puis au four\t\t\t<\/a>\r\n\t\t<\/h3>\r\n\t\t\t\t<div class=\"elementor-post__meta-data\">\r\n\t\t\t\t\t<span class=\"elementor-post-date\">\r\n\t\t\t18 October 2022\t\t<\/span>\r\n\t\t\t\t<\/div>\r\n\t\t\t\t<div class=\"elementor-post__excerpt\">\r\n\t\t\t<p>Les farines des Moulins Bodson fa\u00e7onnent l\u2019ADN de tous nos produits. Une approche et un savoir-faire uniques, fid\u00e8les \u00e0 notre<\/p>\n\t\t<\/div>\r\n\t\t\t\t\t<a class=\"elementor-post__read-more\" href=\"https:\/\/une-gaufrette-saperlipopette.be\/en\/au-moulin-puis-au-four\/\" >\r\n\t\t\t\tRead more \u00bb\t\t\t<\/a>\r\n\t\t\t\t<\/div>\r\n\t\t\t\t<\/article>\r\n\t\t\t\t<article class=\"elementor-post elementor-grid-item post-4586 post type-post status-publish format-standard has-post-thumbnail hentry category-actu-avec-playlist\">\r\n\t\t\t\t<a class=\"elementor-post__thumbnail__link\" href=\"https:\/\/une-gaufrette-saperlipopette.be\/en\/ouverture-fermeture-estivale\/\" >\r\n\t\t\t<div class=\"elementor-post__thumbnail\"><img width=\"768\" height=\"511\" src=\"https:\/\/une-gaufrette-saperlipopette.be\/wp-content\/uploads\/lage-de-glace_5-768x511.jpg\" class=\"attachment-medium_large size-medium_large\" alt=\"\" loading=\"lazy\" \/><\/div>\r\n\t\t<\/a>\r\n\t\t\t\t<div class=\"elementor-post__text\">\r\n\t\t\t\t<h3 class=\"elementor-post__title\">\r\n\t\t\t<a href=\"https:\/\/une-gaufrette-saperlipopette.be\/en\/ouverture-fermeture-estivale\/\" >\r\n\t\t\t\tOuverture \/ fermeture estivale\t\t\t<\/a>\r\n\t\t<\/h3>\r\n\t\t\t\t<div class=\"elementor-post__meta-data\">\r\n\t\t\t\t\t<span class=\"elementor-post-date\">\r\n\t\t\t28 June 2022\t\t<\/span>\r\n\t\t\t\t<\/div>\r\n\t\t\t\t<div class=\"elementor-post__excerpt\">\r\n\t\t\t<p>La Boulangerie, la Glacerie et la Petite Boutique restent ouvertes tout l\u2019\u00e9t\u00e9. Mais la Cuisine d\u2019Augustin sera ferm\u00e9e deux semaines<\/p>\n\t\t<\/div>\r\n\t\t\t\t\t<a class=\"elementor-post__read-more\" href=\"https:\/\/une-gaufrette-saperlipopette.be\/en\/ouverture-fermeture-estivale\/\" >\r\n\t\t\t\tRead more \u00bb\t\t\t<\/a>\r\n\t\t\t\t<\/div>\r\n\t\t\t\t<\/article>\r\n\t\t\t\t<article class=\"elementor-post elementor-grid-item post-4507 post type-post status-publish format-standard has-post-thumbnail hentry category-actu-avec-playlist\">\r\n\t\t\t\t<a class=\"elementor-post__thumbnail__link\" href=\"https:\/\/une-gaufrette-saperlipopette.be\/en\/de-la-patate-au-ravier-en-passant-par-la-graisse\/\" >\r\n\t\t\t<div class=\"elementor-post__thumbnail\"><img width=\"768\" height=\"513\" src=\"https:\/\/une-gaufrette-saperlipopette.be\/wp-content\/uploads\/DSC6591-768x513.jpg\" class=\"attachment-medium_large size-medium_large\" alt=\"\" loading=\"lazy\" \/><\/div>\r\n\t\t<\/a>\r\n\t\t\t\t<div class=\"elementor-post__text\">\r\n\t\t\t\t<h3 class=\"elementor-post__title\">\r\n\t\t\t<a href=\"https:\/\/une-gaufrette-saperlipopette.be\/en\/de-la-patate-au-ravier-en-passant-par-la-graisse\/\" >\r\n\t\t\t\tDe la patate au ravier en passant par la graisse\t\t\t<\/a>\r\n\t\t<\/h3>\r\n\t\t\t\t<div class=\"elementor-post__meta-data\">\r\n\t\t\t\t\t<span class=\"elementor-post-date\">\r\n\t\t\t27 April 2022\t\t<\/span>\r\n\t\t\t\t<\/div>\r\n\t\t\t\t<div class=\"elementor-post__excerpt\">\r\n\t\t\t<p>Pour obtenir des b\u00e2tons joliment dor\u00e9s, croustillants \u00e0 l&#8217;ext\u00e9rieur et bien fondants \u00e0 l&#8217;int\u00e9rieur, le taillage last minute et le<\/p>\n\t\t<\/div>\r\n\t\t\t\t\t<a class=\"elementor-post__read-more\" href=\"https:\/\/une-gaufrette-saperlipopette.be\/en\/de-la-patate-au-ravier-en-passant-par-la-graisse\/\" >\r\n\t\t\t\tRead more \u00bb\t\t\t<\/a>\r\n\t\t\t\t<\/div>\r\n\t\t\t\t<\/article>\r\n\t\t\t\t<article class=\"elementor-post elementor-grid-item post-4487 post type-post status-publish format-standard has-post-thumbnail hentry category-actu-avec-playlist\">\r\n\t\t\t\t<a class=\"elementor-post__thumbnail__link\" href=\"https:\/\/une-gaufrette-saperlipopette.be\/en\/une-collab-cra%c2%b7oquante\/\" >\r\n\t\t\t<div class=\"elementor-post__thumbnail\"><img width=\"768\" height=\"599\" src=\"https:\/\/une-gaufrette-saperlipopette.be\/wp-content\/uploads\/DSC1354-1-768x599.jpg\" class=\"attachment-medium_large size-medium_large\" alt=\"\" loading=\"lazy\" \/><\/div>\r\n\t\t<\/a>\r\n\t\t\t\t<div class=\"elementor-post__text\">\r\n\t\t\t\t<h3 class=\"elementor-post__title\">\r\n\t\t\t<a href=\"https:\/\/une-gaufrette-saperlipopette.be\/en\/une-collab-cra%c2%b7oquante\/\" >\r\n\t\t\t\tUne collab&#8217; cra\u00b7oquante\t\t\t<\/a>\r\n\t\t<\/h3>\r\n\t\t\t\t<div class=\"elementor-post__meta-data\">\r\n\t\t\t\t\t<span class=\"elementor-post-date\">\r\n\t\t\t20 March 2022\t\t<\/span>\r\n\t\t\t\t<\/div>\r\n\t\t\t\t<div class=\"elementor-post__excerpt\">\r\n\t\t\t<p>Parce qu\u2019on avait envie d\u2019agr\u00e9menter notre assortiment de petits \u0153ufs en chocolat \u00e0 l\u2019occasion de P\u00e2ques, et parce que nous<\/p>\n\t\t<\/div>\r\n\t\t\t\t\t<a class=\"elementor-post__read-more\" href=\"https:\/\/une-gaufrette-saperlipopette.be\/en\/une-collab-cra%c2%b7oquante\/\" >\r\n\t\t\t\tRead more \u00bb\t\t\t<\/a>\r\n\t\t\t\t<\/div>\r\n\t\t\t\t<\/article>\r\n\t\t\t\t<\/div>\r\n\r\n\r\n\t\t\r\n\t\t\t\t<div class=\"e-load-more-anchor\" data-page=\"1\" data-max-page=\"2\" data-next-page=\"https:\/\/une-gaufrette-saperlipopette.be\/en\/wp-json\/wp\/v2\/pages\/3165\/page\/2\/\"><\/div>\r\n\t\t\t\t<nav class=\"elementor-pagination\" role=\"navigation\" aria-label=\"Pagination\">\r\n\t\t\t<span class=\"page-numbers prev\">&laquo; Previous<\/span>\n<span aria-current=\"page\" class=\"page-numbers current\"><span class=\"elementor-screen-only\">Page<\/span>1<\/span>\n<a class=\"page-numbers\" href=\"https:\/\/une-gaufrette-saperlipopette.be\/en\/wp-json\/wp\/v2\/pages\/3165\/page\/2\/\"><span class=\"elementor-screen-only\">Page<\/span>2<\/a>\n<a class=\"page-numbers next\" href=\"https:\/\/une-gaufrette-saperlipopette.be\/en\/wp-json\/wp\/v2\/pages\/3165\/page\/2\/\">Next &raquo;<\/a>\t\t<\/nav>\r\n\t\t\t\t<\/div>\r\n\t\t\t\t<\/div>\r\n\t\t\t\t\t\t<\/div>\r\n\t\t\t\t\t<\/div>\r\n\t\t<\/div>\r\n\t\t\t\t\t\t\t\t<\/div>\r\n\t\t\t\t\t<\/div>\r\n\t\t<\/section>\r\n\t\t\t\t<section class=\"elementor-section elementor-top-section elementor-element elementor-element-60d3fef elementor-section-boxed elementor-section-height-default elementor-section-height-default\" data-id=\"60d3fef\" data-element_type=\"section\">\r\n\t\t\t\t\t\t<div class=\"elementor-container elementor-column-gap-default\">\r\n\t\t\t\t\t\t\t<div class=\"elementor-row\">\r\n\t\t\t\t\t<div class=\"elementor-column elementor-col-100 elementor-top-column elementor-element elementor-element-c025ac1\" data-id=\"c025ac1\" data-element_type=\"column\">\r\n\t\t\t<div class=\"elementor-column-wrap elementor-element-populated\">\r\n\t\t\t\t\t\t\t<div class=\"elementor-widget-wrap\">\r\n\t\t\t\t\t\t<div class=\"elementor-element elementor-element-aaa4465 elementor-align-center elementor-widget__width-initial elementor-widget-mobile__width-inherit elementor-widget elementor-widget-button\" data-id=\"aaa4465\" data-element_type=\"widget\" data-widget_type=\"button.default\">\r\n\t\t\t\t<div class=\"elementor-widget-container\">\r\n\t\t\t\t\t<div class=\"elementor-button-wrapper\">\r\n\t\t\t<a href=\"https:\/\/une-gaufrette-saperlipopette.be\/en\/?page_id=3821\" class=\"elementor-button-link elementor-button elementor-size-sm\" role=\"button\">\r\n\t\t\t\t\t\t<span class=\"elementor-button-content-wrapper\">\r\n\t\t\t\t\t\t<span class=\"elementor-button-text\">see all old news<\/span>\r\n\t\t<\/span>\r\n\t\t\t\t\t<\/a>\r\n\t\t<\/div>\r\n\t\t\t\t<\/div>\r\n\t\t\t\t<\/div>\r\n\t\t\t\t\t\t<\/div>\r\n\t\t\t\t\t<\/div>\r\n\t\t<\/div>\r\n\t\t\t\t\t\t\t\t<\/div>\r\n\t\t\t\t\t<\/div>\r\n\t\t<\/section>\r\n\t\t\t\t\t\t<\/div>\r\n\t\t\t\t\t\t<\/div>\r\n\t\t\t\t\t<\/div>\r\n\t\t","protected":false},"excerpt":{"rendered":"<p>Every month, explore a new topical feature and a playlist to be enjoyed on Spotify (only available in French). see all old news<\/p>\n","protected":false},"author":4,"featured_media":2656,"parent":0,"menu_order":40,"comment_status":"closed","ping_status":"closed","template":"","meta":[],"acf":[],"yoast_head":"<!-- This site is optimized with the Yoast SEO plugin v19.6 - https:\/\/yoast.com\/wordpress\/plugins\/seo\/ -->\n<title>what&#039;s new ?<\/title>\n<meta name=\"description\" content=\"Find out what&#039;s going on at Une Gaufrette Saperlipopette, backery, waffle and bake shop in Li\u00e8ge, yummy home-made pastries in Li\u00e8ge.\" \/>\n<meta name=\"robots\" content=\"index, follow, max-snippet:-1, max-image-preview:large, max-video-preview:-1\" \/>\n<link rel=\"canonical\" href=\"https:\/\/une-gaufrette-saperlipopette.be\/en\/whats-new\/\" \/>\n<meta property=\"og:locale\" content=\"en_US\" \/>\n<meta property=\"og:type\" content=\"article\" \/>\n<meta property=\"og:title\" content=\"what&#039;s new ?\" \/>\n<meta property=\"og:description\" content=\"Find out what&#039;s going on at Une Gaufrette Saperlipopette, backery, waffle and bake shop in Li\u00e8ge, yummy home-made pastries in Li\u00e8ge.\" \/>\n<meta property=\"og:url\" content=\"https:\/\/une-gaufrette-saperlipopette.be\/en\/whats-new\/\" \/>\n<meta property=\"og:site_name\" content=\"Une Gaufrette Saperlipopette\" \/>\n<meta property=\"article:modified_time\" content=\"2021-08-24T12:48:59+00:00\" \/>\n<meta property=\"og:image\" content=\"https:\/\/une-gaufrette-saperlipopette.be\/wp-content\/uploads\/2020\/03\/20170426-1845-Le_savoir_faire_Une_Gaufrette_Saperlipopette-Karl_Delandsheere.jpg\" \/>\n\t<meta property=\"og:image:width\" content=\"2560\" \/>\n\t<meta property=\"og:image:height\" content=\"1920\" \/>\n\t<meta property=\"og:image:type\" content=\"image\/jpeg\" \/>\n<meta name=\"twitter:card\" content=\"summary_large_image\" \/>\n<script type=\"application\/ld+json\" class=\"yoast-schema-graph\">{\"@context\":\"https:\/\/schema.org\",\"@graph\":[{\"@type\":\"WebPage\",\"@id\":\"https:\/\/une-gaufrette-saperlipopette.be\/en\/whats-new\/\",\"url\":\"https:\/\/une-gaufrette-saperlipopette.be\/en\/whats-new\/\",\"name\":\"what's new ?\",\"isPartOf\":{\"@id\":\"https:\/\/une-gaufrette-saperlipopette.be\/#website\"},\"datePublished\":\"2021-08-24T12:36:52+00:00\",\"dateModified\":\"2021-08-24T12:48:59+00:00\",\"description\":\"Find out what's going on at Une Gaufrette Saperlipopette, backery, waffle and bake shop in Li\u00e8ge, yummy home-made pastries in Li\u00e8ge.\",\"breadcrumb\":{\"@id\":\"https:\/\/une-gaufrette-saperlipopette.be\/en\/whats-new\/#breadcrumb\"},\"inLanguage\":\"en-US\",\"potentialAction\":[{\"@type\":\"ReadAction\",\"target\":[\"https:\/\/une-gaufrette-saperlipopette.be\/en\/whats-new\/\"]}]},{\"@type\":\"BreadcrumbList\",\"@id\":\"https:\/\/une-gaufrette-saperlipopette.be\/en\/whats-new\/#breadcrumb\",\"itemListElement\":[{\"@type\":\"ListItem\",\"position\":1,\"name\":\"Home\",\"item\":\"https:\/\/une-gaufrette-saperlipopette.be\/en\/\"},{\"@type\":\"ListItem\",\"position\":2,\"name\":\"what&#8217;s new ?\"}]},{\"@type\":\"WebSite\",\"@id\":\"https:\/\/une-gaufrette-saperlipopette.be\/#website\",\"url\":\"https:\/\/une-gaufrette-saperlipopette.be\/\",\"name\":\"Une Gaufrette Saperlipopette\",\"description\":\"Boulangerie et boutique gourmande \u00e0 Li\u00e8ge\",\"publisher\":{\"@id\":\"https:\/\/une-gaufrette-saperlipopette.be\/#organization\"},\"potentialAction\":[{\"@type\":\"SearchAction\",\"target\":{\"@type\":\"EntryPoint\",\"urlTemplate\":\"https:\/\/une-gaufrette-saperlipopette.be\/?s={search_term_string}\"},\"query-input\":\"required name=search_term_string\"}],\"inLanguage\":\"en-US\"},{\"@type\":\"Organization\",\"@id\":\"https:\/\/une-gaufrette-saperlipopette.be\/#organization\",\"name\":\"Une Gaufrette Saperlipopette\",\"url\":\"https:\/\/une-gaufrette-saperlipopette.be\/\",\"sameAs\":[],\"logo\":{\"@type\":\"ImageObject\",\"inLanguage\":\"en-US\",\"@id\":\"https:\/\/une-gaufrette-saperlipopette.be\/#\/schema\/logo\/image\/\",\"url\":\"https:\/\/une-gaufrette-saperlipopette.be\/wp-content\/uploads\/2020\/07\/une-gaufrette-saperlipopette-logo-horizontal.png\",\"contentUrl\":\"https:\/\/une-gaufrette-saperlipopette.be\/wp-content\/uploads\/2020\/07\/une-gaufrette-saperlipopette-logo-horizontal.png\",\"width\":800,\"height\":164,\"caption\":\"Une Gaufrette Saperlipopette\"},\"image\":{\"@id\":\"https:\/\/une-gaufrette-saperlipopette.be\/#\/schema\/logo\/image\/\"}}]}<\/script>\n<!-- \/ Yoast SEO plugin. -->","yoast_head_json":{"title":"what's new ?","description":"Find out what's going on at Une Gaufrette Saperlipopette, backery, waffle and bake shop in Li\u00e8ge, yummy home-made pastries in Li\u00e8ge.","robots":{"index":"index","follow":"follow","max-snippet":"max-snippet:-1","max-image-preview":"max-image-preview:large","max-video-preview":"max-video-preview:-1"},"canonical":"https:\/\/une-gaufrette-saperlipopette.be\/en\/whats-new\/","og_locale":"en_US","og_type":"article","og_title":"what's new ?","og_description":"Find out what's going on at Une Gaufrette Saperlipopette, backery, waffle and bake shop in Li\u00e8ge, yummy home-made pastries in Li\u00e8ge.","og_url":"https:\/\/une-gaufrette-saperlipopette.be\/en\/whats-new\/","og_site_name":"Une Gaufrette Saperlipopette","article_modified_time":"2021-08-24T12:48:59+00:00","og_image":[{"width":2560,"height":1920,"url":"https:\/\/une-gaufrette-saperlipopette.be\/wp-content\/uploads\/2020\/03\/20170426-1845-Le_savoir_faire_Une_Gaufrette_Saperlipopette-Karl_Delandsheere.jpg","type":"image\/jpeg"}],"twitter_card":"summary_large_image","schema":{"@context":"https:\/\/schema.org","@graph":[{"@type":"WebPage","@id":"https:\/\/une-gaufrette-saperlipopette.be\/en\/whats-new\/","url":"https:\/\/une-gaufrette-saperlipopette.be\/en\/whats-new\/","name":"what's new ?","isPartOf":{"@id":"https:\/\/une-gaufrette-saperlipopette.be\/#website"},"datePublished":"2021-08-24T12:36:52+00:00","dateModified":"2021-08-24T12:48:59+00:00","description":"Find out what's going on at Une Gaufrette Saperlipopette, backery, waffle and bake shop in Li\u00e8ge, yummy home-made pastries in Li\u00e8ge.","breadcrumb":{"@id":"https:\/\/une-gaufrette-saperlipopette.be\/en\/whats-new\/#breadcrumb"},"inLanguage":"en-US","potentialAction":[{"@type":"ReadAction","target":["https:\/\/une-gaufrette-saperlipopette.be\/en\/whats-new\/"]}]},{"@type":"BreadcrumbList","@id":"https:\/\/une-gaufrette-saperlipopette.be\/en\/whats-new\/#breadcrumb","itemListElement":[{"@type":"ListItem","position":1,"name":"Home","item":"https:\/\/une-gaufrette-saperlipopette.be\/en\/"},{"@type":"ListItem","position":2,"name":"what&#8217;s new ?"}]},{"@type":"WebSite","@id":"https:\/\/une-gaufrette-saperlipopette.be\/#website","url":"https:\/\/une-gaufrette-saperlipopette.be\/","name":"Une Gaufrette Saperlipopette","description":"Boulangerie et boutique gourmande \u00e0 Li\u00e8ge","publisher":{"@id":"https:\/\/une-gaufrette-saperlipopette.be\/#organization"},"potentialAction":[{"@type":"SearchAction","target":{"@type":"EntryPoint","urlTemplate":"https:\/\/une-gaufrette-saperlipopette.be\/?s={search_term_string}"},"query-input":"required name=search_term_string"}],"inLanguage":"en-US"},{"@type":"Organization","@id":"https:\/\/une-gaufrette-saperlipopette.be\/#organization","name":"Une Gaufrette Saperlipopette","url":"https:\/\/une-gaufrette-saperlipopette.be\/","sameAs":[],"logo":{"@type":"ImageObject","inLanguage":"en-US","@id":"https:\/\/une-gaufrette-saperlipopette.be\/#\/schema\/logo\/image\/","url":"https:\/\/une-gaufrette-saperlipopette.be\/wp-content\/uploads\/2020\/07\/une-gaufrette-saperlipopette-logo-horizontal.png","contentUrl":"https:\/\/une-gaufrette-saperlipopette.be\/wp-content\/uploads\/2020\/07\/une-gaufrette-saperlipopette-logo-horizontal.png","width":800,"height":164,"caption":"Une Gaufrette Saperlipopette"},"image":{"@id":"https:\/\/une-gaufrette-saperlipopette.be\/#\/schema\/logo\/image\/"}}]}},"_links":{"self":[{"href":"https:\/\/une-gaufrette-saperlipopette.be\/en\/wp-json\/wp\/v2\/pages\/3165"}],"collection":[{"href":"https:\/\/une-gaufrette-saperlipopette.be\/en\/wp-json\/wp\/v2\/pages"}],"about":[{"href":"https:\/\/une-gaufrette-saperlipopette.be\/en\/wp-json\/wp\/v2\/types\/page"}],"author":[{"embeddable":true,"href":"https:\/\/une-gaufrette-saperlipopette.be\/en\/wp-json\/wp\/v2\/users\/4"}],"replies":[{"embeddable":true,"href":"https:\/\/une-gaufrette-saperlipopette.be\/en\/wp-json\/wp\/v2\/comments?post=3165"}],"version-history":[{"count":5,"href":"https:\/\/une-gaufrette-saperlipopette.be\/en\/wp-json\/wp\/v2\/pages\/3165\/revisions"}],"predecessor-version":[{"id":4263,"href":"https:\/\/une-gaufrette-saperlipopette.be\/en\/wp-json\/wp\/v2\/pages\/3165\/revisions\/4263"}],"wp:featuredmedia":[{"embeddable":true,"href":"https:\/\/une-gaufrette-saperlipopette.be\/en\/wp-json\/wp\/v2\/media\/2656"}],"wp:attachment":[{"href":"https:\/\/une-gaufrette-saperlipopette.be\/en\/wp-json\/wp\/v2\/media?parent=3165"}],"curies":[{"name":"wp","href":"https:\/\/api.w.org\/{rel}","templated":true}]}}