{"id":4260,"date":"2021-08-24T14:46:46","date_gmt":"2021-08-24T12:46:46","guid":{"rendered":"https:\/\/une-gaufrette-saperlipopette.be\/about\/"},"modified":"2021-08-24T15:58:22","modified_gmt":"2021-08-24T13:58:22","slug":"about","status":"publish","type":"page","link":"https:\/\/une-gaufrette-saperlipopette.be\/en\/about\/","title":{"rendered":"about"},"content":{"rendered":"\t\t<div data-elementor-type=\"wp-page\" data-elementor-id=\"4260\" class=\"elementor elementor-4260 elementor-3341\" data-elementor-settings=\"[]\">\r\n\t\t\t\t\t\t<div class=\"elementor-inner\">\r\n\t\t\t\t\t\t\t<div class=\"elementor-section-wrap\">\r\n\t\t\t\t\t\t\t<section class=\"elementor-section elementor-top-section elementor-element elementor-element-b716c47 elementor-section-height-min-height elementor-section-content-middle elementor-section-boxed elementor-section-height-default elementor-section-items-middle\" data-id=\"b716c47\" data-element_type=\"section\" data-settings=\"{&quot;background_background&quot;:&quot;classic&quot;}\">\r\n\t\t\t\t\t\t\t<div class=\"elementor-background-overlay\"><\/div>\r\n\t\t\t\t\t\t\t<div class=\"elementor-container elementor-column-gap-no\">\r\n\t\t\t\t\t\t\t<div class=\"elementor-row\">\r\n\t\t\t\t\t<div class=\"elementor-column elementor-col-100 elementor-top-column elementor-element elementor-element-db2aaf8\" data-id=\"db2aaf8\" data-element_type=\"column\" data-settings=\"{&quot;background_background&quot;:&quot;gradient&quot;}\">\r\n\t\t\t<div class=\"elementor-column-wrap elementor-element-populated\">\r\n\t\t\t\t\t\t\t<div class=\"elementor-widget-wrap\">\r\n\t\t\t\t\t\t<div class=\"elementor-element elementor-element-df7ec4d elementor-widget-divider--view-line elementor-widget elementor-widget-divider\" data-id=\"df7ec4d\" data-element_type=\"widget\" data-widget_type=\"divider.default\">\r\n\t\t\t\t<div class=\"elementor-widget-container\">\r\n\t\t\t\t\t<div class=\"elementor-divider\">\r\n\t\t\t<span class=\"elementor-divider-separator\">\r\n\t\t\t\t\t\t<\/span>\r\n\t\t<\/div>\r\n\t\t\t\t<\/div>\r\n\t\t\t\t<\/div>\r\n\t\t\t\t<div class=\"elementor-element elementor-element-865eebc elementor-widget elementor-widget-text-editor\" data-id=\"865eebc\" data-element_type=\"widget\" data-widget_type=\"text-editor.default\">\r\n\t\t\t\t<div class=\"elementor-widget-container\">\r\n\t\t\t\t\t\t\t\t<div class=\"elementor-text-editor elementor-clearfix\">\r\n\t\t\t\t<p>Saperlipopette is a family affair. Children \u00c9mile and Augustin orbit B\u00e9n\u00e9dicte and \u00c9ric Michaux. It&#8217;s a solar system that gets more and more stellar by the day!<\/p>\n\t\t\t\t\t<\/div>\r\n\t\t\t\t\t\t<\/div>\r\n\t\t\t\t<\/div>\r\n\t\t\t\t\t\t<\/div>\r\n\t\t\t\t\t<\/div>\r\n\t\t<\/div>\r\n\t\t\t\t\t\t\t\t<\/div>\r\n\t\t\t\t\t<\/div>\r\n\t\t<\/section>\r\n\t\t\t\t<section class=\"elementor-section elementor-top-section elementor-element elementor-element-99f7191 elementor-section-boxed elementor-section-height-default elementor-section-height-default\" data-id=\"99f7191\" data-element_type=\"section\" data-settings=\"{&quot;background_background&quot;:&quot;classic&quot;}\">\r\n\t\t\t\t\t\t\t<div class=\"elementor-background-overlay\"><\/div>\r\n\t\t\t\t\t\t\t<div class=\"elementor-container elementor-column-gap-default\">\r\n\t\t\t\t\t\t\t<div class=\"elementor-row\">\r\n\t\t\t\t\t<div class=\"elementor-column elementor-col-100 elementor-top-column elementor-element elementor-element-59e0848\" data-id=\"59e0848\" data-element_type=\"column\">\r\n\t\t\t<div class=\"elementor-column-wrap elementor-element-populated\">\r\n\t\t\t\t\t\t\t<div class=\"elementor-widget-wrap\">\r\n\t\t\t\t\t\t<div class=\"elementor-element elementor-element-93a5bd1 elementor-widget elementor-widget-spacer\" data-id=\"93a5bd1\" data-element_type=\"widget\" data-widget_type=\"spacer.default\">\r\n\t\t\t\t<div class=\"elementor-widget-container\">\r\n\t\t\t\t\t<div class=\"elementor-spacer\">\r\n\t\t\t<div class=\"elementor-spacer-inner\"><\/div>\r\n\t\t<\/div>\r\n\t\t\t\t<\/div>\r\n\t\t\t\t<\/div>\r\n\t\t\t\t<div class=\"elementor-element elementor-element-47ad110 elementor-widget elementor-widget-text-editor\" data-id=\"47ad110\" data-element_type=\"widget\" data-widget_type=\"text-editor.default\">\r\n\t\t\t\t<div class=\"elementor-widget-container\">\r\n\t\t\t\t\t\t\t\t<div class=\"elementor-text-editor elementor-clearfix\">\r\n\t\t\t\t<p>The Saperlipopette chain grew gradually, without ever losing sight of its aim: to make gorgeous products based on quality ingredients, all while staying true to the spirit of Li\u00e8ge. \u201cWe were looking for an unpretentious name to make people smile. That\u2019s how we came to choose <em>Une Gaufrette Saperlipopette<\/em>.\u201d<\/p>\n\t\t\t\t\t<\/div>\r\n\t\t\t\t\t\t<\/div>\r\n\t\t\t\t<\/div>\r\n\t\t\t\t\t\t<\/div>\r\n\t\t\t\t\t<\/div>\r\n\t\t<\/div>\r\n\t\t\t\t\t\t\t\t<\/div>\r\n\t\t\t\t\t<\/div>\r\n\t\t<\/section>\r\n\t\t\t\t<section class=\"elementor-section elementor-top-section elementor-element elementor-element-0435783 elementor-section-boxed elementor-section-height-default elementor-section-height-default\" data-id=\"0435783\" data-element_type=\"section\">\r\n\t\t\t\t\t\t<div class=\"elementor-container elementor-column-gap-default\">\r\n\t\t\t\t\t\t\t<div class=\"elementor-row\">\r\n\t\t\t\t\t<div class=\"elementor-column elementor-col-100 elementor-top-column elementor-element elementor-element-ce08ffa\" data-id=\"ce08ffa\" data-element_type=\"column\">\r\n\t\t\t<div class=\"elementor-column-wrap\">\r\n\t\t\t\t\t\t\t<div class=\"elementor-widget-wrap\">\r\n\t\t\t\t\t\t\t\t<\/div>\r\n\t\t\t\t\t<\/div>\r\n\t\t<\/div>\r\n\t\t\t\t\t\t\t\t<\/div>\r\n\t\t\t\t\t<\/div>\r\n\t\t<\/section>\r\n\t\t\t\t<section class=\"elementor-section elementor-top-section elementor-element elementor-element-9c3ef8a elementor-section-boxed elementor-section-height-default elementor-section-height-default\" data-id=\"9c3ef8a\" data-element_type=\"section\">\r\n\t\t\t\t\t\t<div class=\"elementor-container elementor-column-gap-default\">\r\n\t\t\t\t\t\t\t<div class=\"elementor-row\">\r\n\t\t\t\t\t<div class=\"elementor-column elementor-col-100 elementor-top-column elementor-element elementor-element-f21fc8c\" data-id=\"f21fc8c\" data-element_type=\"column\">\r\n\t\t\t<div class=\"elementor-column-wrap elementor-element-populated\">\r\n\t\t\t\t\t\t\t<div class=\"elementor-widget-wrap\">\r\n\t\t\t\t\t\t<div class=\"elementor-element elementor-element-ac05138 elementor-widget elementor-widget-image\" data-id=\"ac05138\" data-element_type=\"widget\" data-widget_type=\"image.default\">\r\n\t\t\t\t<div class=\"elementor-widget-container\">\r\n\t\t\t\t\t\t\t\t<div class=\"elementor-image\">\r\n\t\t\t\t\t\t\t\t\t\t\t\t<img width=\"980\" height=\"441\" src=\"https:\/\/une-gaufrette-saperlipopette.be\/wp-content\/uploads\/a-propos_1-1024x461.jpg\" class=\"attachment-large size-large\" alt=\"\" loading=\"lazy\" srcset=\"https:\/\/une-gaufrette-saperlipopette.be\/wp-content\/uploads\/a-propos_1-1024x461.jpg 1024w, https:\/\/une-gaufrette-saperlipopette.be\/wp-content\/uploads\/a-propos_1-300x135.jpg 300w, https:\/\/une-gaufrette-saperlipopette.be\/wp-content\/uploads\/a-propos_1-768x346.jpg 768w, https:\/\/une-gaufrette-saperlipopette.be\/wp-content\/uploads\/a-propos_1-1536x691.jpg 1536w, https:\/\/une-gaufrette-saperlipopette.be\/wp-content\/uploads\/a-propos_1.jpg 1920w\" sizes=\"(max-width: 980px) 100vw, 980px\" \/>\t\t\t\t\t\t\t\t\t\t\t\t\t\t<\/div>\r\n\t\t\t\t\t\t<\/div>\r\n\t\t\t\t<\/div>\r\n\t\t\t\t\t\t<\/div>\r\n\t\t\t\t\t<\/div>\r\n\t\t<\/div>\r\n\t\t\t\t\t\t\t\t<\/div>\r\n\t\t\t\t\t<\/div>\r\n\t\t<\/section>\r\n\t\t\t\t<section class=\"elementor-section elementor-top-section elementor-element elementor-element-d1542f5 elementor-section-boxed elementor-section-height-default elementor-section-height-default\" data-id=\"d1542f5\" data-element_type=\"section\" data-settings=\"{&quot;background_background&quot;:&quot;classic&quot;}\">\r\n\t\t\t\t\t\t<div class=\"elementor-container elementor-column-gap-default\">\r\n\t\t\t\t\t\t\t<div class=\"elementor-row\">\r\n\t\t\t\t\t<div class=\"elementor-column elementor-col-100 elementor-top-column elementor-element elementor-element-761cb83\" data-id=\"761cb83\" data-element_type=\"column\">\r\n\t\t\t<div class=\"elementor-column-wrap elementor-element-populated\">\r\n\t\t\t\t\t\t\t<div class=\"elementor-widget-wrap\">\r\n\t\t\t\t\t\t<div class=\"elementor-element elementor-element-c93ed2d elementor-widget elementor-widget-spacer\" data-id=\"c93ed2d\" data-element_type=\"widget\" data-widget_type=\"spacer.default\">\r\n\t\t\t\t<div class=\"elementor-widget-container\">\r\n\t\t\t\t\t<div class=\"elementor-spacer\">\r\n\t\t\t<div class=\"elementor-spacer-inner\"><\/div>\r\n\t\t<\/div>\r\n\t\t\t\t<\/div>\r\n\t\t\t\t<\/div>\r\n\t\t\t\t<div class=\"elementor-element elementor-element-3ca8b10 elementor-widget elementor-widget-text-editor\" data-id=\"3ca8b10\" data-element_type=\"widget\" data-widget_type=\"text-editor.default\">\r\n\t\t\t\t<div class=\"elementor-widget-container\">\r\n\t\t\t\t\t\t\t\t<div class=\"elementor-text-editor elementor-clearfix\">\r\n\t\t\t\t<p>Initially, the intention was to sell Liege waffles, but other gourmet delights (madeleines, speculoos, etc.) soon came to adorn the window of <strong>la Petite Boutique<\/strong>. Success came hot on the heels of the 2013 opening, and the sales and production teams began to feel a bit short of space.<\/p>\n<p>\u201cThe building opposite was vacant. So we moved into the basement to make the products for la Boutique, before setting to work making bread and taking occupancy of the ground floor, where we opened <strong>la Boulangerie<\/strong> in 2015.\u201d<\/p>\n\t\t\t\t\t<\/div>\r\n\t\t\t\t\t\t<\/div>\r\n\t\t\t\t<\/div>\r\n\t\t\t\t\t\t<\/div>\r\n\t\t\t\t\t<\/div>\r\n\t\t<\/div>\r\n\t\t\t\t\t\t\t\t<\/div>\r\n\t\t\t\t\t<\/div>\r\n\t\t<\/section>\r\n\t\t\t\t<section class=\"elementor-section elementor-top-section elementor-element elementor-element-af02309 elementor-section-boxed elementor-section-height-default elementor-section-height-default\" data-id=\"af02309\" data-element_type=\"section\">\r\n\t\t\t\t\t\t<div class=\"elementor-container elementor-column-gap-default\">\r\n\t\t\t\t\t\t\t<div class=\"elementor-row\">\r\n\t\t\t\t\t<div class=\"elementor-column elementor-col-100 elementor-top-column elementor-element elementor-element-418219b\" data-id=\"418219b\" data-element_type=\"column\">\r\n\t\t\t<div class=\"elementor-column-wrap elementor-element-populated\">\r\n\t\t\t\t\t\t\t<div class=\"elementor-widget-wrap\">\r\n\t\t\t\t\t\t<div class=\"elementor-element elementor-element-15502b7 elementor-widget elementor-widget-image\" data-id=\"15502b7\" data-element_type=\"widget\" data-widget_type=\"image.default\">\r\n\t\t\t\t<div class=\"elementor-widget-container\">\r\n\t\t\t\t\t\t\t\t<div class=\"elementor-image\">\r\n\t\t\t\t\t\t\t\t\t\t\t\t<img width=\"684\" height=\"1024\" src=\"https:\/\/une-gaufrette-saperlipopette.be\/wp-content\/uploads\/a-propos_2-684x1024.jpg\" class=\"attachment-large size-large\" alt=\"\" loading=\"lazy\" srcset=\"https:\/\/une-gaufrette-saperlipopette.be\/wp-content\/uploads\/a-propos_2-684x1024.jpg 684w, https:\/\/une-gaufrette-saperlipopette.be\/wp-content\/uploads\/a-propos_2-200x300.jpg 200w, https:\/\/une-gaufrette-saperlipopette.be\/wp-content\/uploads\/a-propos_2-768x1150.jpg 768w, https:\/\/une-gaufrette-saperlipopette.be\/wp-content\/uploads\/a-propos_2-1025x1536.jpg 1025w, https:\/\/une-gaufrette-saperlipopette.be\/wp-content\/uploads\/a-propos_2-1367x2048.jpg 1367w, https:\/\/une-gaufrette-saperlipopette.be\/wp-content\/uploads\/a-propos_2-scaled.jpg 1709w\" sizes=\"(max-width: 684px) 100vw, 684px\" \/>\t\t\t\t\t\t\t\t\t\t\t\t\t\t<\/div>\r\n\t\t\t\t\t\t<\/div>\r\n\t\t\t\t<\/div>\r\n\t\t\t\t\t\t<\/div>\r\n\t\t\t\t\t<\/div>\r\n\t\t<\/div>\r\n\t\t\t\t\t\t\t\t<\/div>\r\n\t\t\t\t\t<\/div>\r\n\t\t<\/section>\r\n\t\t\t\t<section class=\"elementor-section elementor-top-section elementor-element elementor-element-070fcaa elementor-section-boxed elementor-section-height-default elementor-section-height-default\" data-id=\"070fcaa\" data-element_type=\"section\" data-settings=\"{&quot;background_background&quot;:&quot;classic&quot;}\">\r\n\t\t\t\t\t\t<div class=\"elementor-container elementor-column-gap-default\">\r\n\t\t\t\t\t\t\t<div class=\"elementor-row\">\r\n\t\t\t\t\t<div class=\"elementor-column elementor-col-100 elementor-top-column elementor-element elementor-element-860e2a8\" data-id=\"860e2a8\" data-element_type=\"column\">\r\n\t\t\t<div class=\"elementor-column-wrap elementor-element-populated\">\r\n\t\t\t\t\t\t\t<div class=\"elementor-widget-wrap\">\r\n\t\t\t\t\t\t<div class=\"elementor-element elementor-element-5f5d71b elementor-widget elementor-widget-spacer\" data-id=\"5f5d71b\" data-element_type=\"widget\" data-widget_type=\"spacer.default\">\r\n\t\t\t\t<div class=\"elementor-widget-container\">\r\n\t\t\t\t\t<div class=\"elementor-spacer\">\r\n\t\t\t<div class=\"elementor-spacer-inner\"><\/div>\r\n\t\t<\/div>\r\n\t\t\t\t<\/div>\r\n\t\t\t\t<\/div>\r\n\t\t\t\t<div class=\"elementor-element elementor-element-c3b1303 elementor-widget elementor-widget-text-editor\" data-id=\"c3b1303\" data-element_type=\"widget\" data-widget_type=\"text-editor.default\">\r\n\t\t\t\t<div class=\"elementor-widget-container\">\r\n\t\t\t\t\t\t\t\t<div class=\"elementor-text-editor elementor-clearfix\">\r\n\t\t\t\t<p>Since 2019, Une Gaufrette Saperlipopette has been transforming its savoir-faire into ice-cream creations at <strong>Cr\u00e8me Glac\u00e9e<\/strong>, to refresh your spirit and palate. As soon as the temperature rises, \u00c9mile and his team offer delicately flavoured artisan ices and sorbets you can lick in tub or cone, topped with home-made biscuits and meringues, as you stroll through the paved streets of the historical city centre.<\/p>\n\t\t\t\t\t<\/div>\r\n\t\t\t\t\t\t<\/div>\r\n\t\t\t\t<\/div>\r\n\t\t\t\t<div class=\"elementor-element elementor-element-e122fe7 elementor-widget elementor-widget-spacer\" data-id=\"e122fe7\" data-element_type=\"widget\" data-widget_type=\"spacer.default\">\r\n\t\t\t\t<div class=\"elementor-widget-container\">\r\n\t\t\t\t\t<div class=\"elementor-spacer\">\r\n\t\t\t<div class=\"elementor-spacer-inner\"><\/div>\r\n\t\t<\/div>\r\n\t\t\t\t<\/div>\r\n\t\t\t\t<\/div>\r\n\t\t\t\t\t\t<\/div>\r\n\t\t\t\t\t<\/div>\r\n\t\t<\/div>\r\n\t\t\t\t\t\t\t\t<\/div>\r\n\t\t\t\t\t<\/div>\r\n\t\t<\/section>\r\n\t\t\t\t\t\t<\/div>\r\n\t\t\t\t\t\t<\/div>\r\n\t\t\t\t\t<\/div>\r\n\t\t","protected":false},"excerpt":{"rendered":"<p>Saperlipopette is a family affair. Children \u00c9mile and Augustin orbit B\u00e9n\u00e9dicte and \u00c9ric Michaux. It&#8217;s a solar system that gets more and more stellar by the day! The Saperlipopette chain grew gradually, without ever losing sight of its aim: to make gorgeous products based on quality ingredients, all while staying true to the spirit of [&hellip;]<\/p>\n","protected":false},"author":4,"featured_media":0,"parent":0,"menu_order":0,"comment_status":"closed","ping_status":"closed","template":"","meta":[],"acf":[],"yoast_head":"<!-- This site is optimized with the Yoast SEO plugin v19.6 - https:\/\/yoast.com\/wordpress\/plugins\/seo\/ -->\n<title>about - Une Gaufrette Saperlipopette<\/title>\n<meta name=\"robots\" content=\"index, follow, max-snippet:-1, max-image-preview:large, max-video-preview:-1\" \/>\n<link rel=\"canonical\" href=\"https:\/\/une-gaufrette-saperlipopette.be\/en\/about\/\" \/>\n<meta property=\"og:locale\" content=\"en_US\" \/>\n<meta property=\"og:type\" content=\"article\" \/>\n<meta property=\"og:title\" content=\"about - Une Gaufrette Saperlipopette\" \/>\n<meta property=\"og:description\" content=\"Saperlipopette is a family affair. Children \u00c9mile and Augustin orbit B\u00e9n\u00e9dicte and \u00c9ric Michaux. It&#8217;s a solar system that gets more and more stellar by the day! The Saperlipopette chain grew gradually, without ever losing sight of its aim: to make gorgeous products based on quality ingredients, all while staying true to the spirit of [&hellip;]\" \/>\n<meta property=\"og:url\" content=\"https:\/\/une-gaufrette-saperlipopette.be\/en\/about\/\" \/>\n<meta property=\"og:site_name\" content=\"Une Gaufrette Saperlipopette\" \/>\n<meta property=\"article:modified_time\" content=\"2021-08-24T13:58:22+00:00\" \/>\n<meta property=\"og:image\" content=\"https:\/\/une-gaufrette-saperlipopette.be\/wp-content\/uploads\/a-propos_1-1024x461.jpg\" \/>\n<meta name=\"twitter:card\" content=\"summary_large_image\" \/>\n<meta name=\"twitter:label1\" content=\"Est. reading time\" \/>\n\t<meta name=\"twitter:data1\" content=\"2 minutes\" \/>\n<script type=\"application\/ld+json\" class=\"yoast-schema-graph\">{\"@context\":\"https:\/\/schema.org\",\"@graph\":[{\"@type\":\"WebPage\",\"@id\":\"https:\/\/une-gaufrette-saperlipopette.be\/en\/about\/\",\"url\":\"https:\/\/une-gaufrette-saperlipopette.be\/en\/about\/\",\"name\":\"about - Une Gaufrette Saperlipopette\",\"isPartOf\":{\"@id\":\"https:\/\/une-gaufrette-saperlipopette.be\/#website\"},\"datePublished\":\"2021-08-24T12:46:46+00:00\",\"dateModified\":\"2021-08-24T13:58:22+00:00\",\"breadcrumb\":{\"@id\":\"https:\/\/une-gaufrette-saperlipopette.be\/en\/about\/#breadcrumb\"},\"inLanguage\":\"en-US\",\"potentialAction\":[{\"@type\":\"ReadAction\",\"target\":[\"https:\/\/une-gaufrette-saperlipopette.be\/en\/about\/\"]}]},{\"@type\":\"BreadcrumbList\",\"@id\":\"https:\/\/une-gaufrette-saperlipopette.be\/en\/about\/#breadcrumb\",\"itemListElement\":[{\"@type\":\"ListItem\",\"position\":1,\"name\":\"Home\",\"item\":\"https:\/\/une-gaufrette-saperlipopette.be\/en\/\"},{\"@type\":\"ListItem\",\"position\":2,\"name\":\"about\"}]},{\"@type\":\"WebSite\",\"@id\":\"https:\/\/une-gaufrette-saperlipopette.be\/#website\",\"url\":\"https:\/\/une-gaufrette-saperlipopette.be\/\",\"name\":\"Une Gaufrette Saperlipopette\",\"description\":\"Boulangerie et boutique gourmande \u00e0 Li\u00e8ge\",\"publisher\":{\"@id\":\"https:\/\/une-gaufrette-saperlipopette.be\/#organization\"},\"potentialAction\":[{\"@type\":\"SearchAction\",\"target\":{\"@type\":\"EntryPoint\",\"urlTemplate\":\"https:\/\/une-gaufrette-saperlipopette.be\/?s={search_term_string}\"},\"query-input\":\"required name=search_term_string\"}],\"inLanguage\":\"en-US\"},{\"@type\":\"Organization\",\"@id\":\"https:\/\/une-gaufrette-saperlipopette.be\/#organization\",\"name\":\"Une Gaufrette Saperlipopette\",\"url\":\"https:\/\/une-gaufrette-saperlipopette.be\/\",\"sameAs\":[],\"logo\":{\"@type\":\"ImageObject\",\"inLanguage\":\"en-US\",\"@id\":\"https:\/\/une-gaufrette-saperlipopette.be\/#\/schema\/logo\/image\/\",\"url\":\"https:\/\/une-gaufrette-saperlipopette.be\/wp-content\/uploads\/2020\/07\/une-gaufrette-saperlipopette-logo-horizontal.png\",\"contentUrl\":\"https:\/\/une-gaufrette-saperlipopette.be\/wp-content\/uploads\/2020\/07\/une-gaufrette-saperlipopette-logo-horizontal.png\",\"width\":800,\"height\":164,\"caption\":\"Une Gaufrette Saperlipopette\"},\"image\":{\"@id\":\"https:\/\/une-gaufrette-saperlipopette.be\/#\/schema\/logo\/image\/\"}}]}<\/script>\n<!-- \/ Yoast SEO plugin. -->","yoast_head_json":{"title":"about - Une Gaufrette Saperlipopette","robots":{"index":"index","follow":"follow","max-snippet":"max-snippet:-1","max-image-preview":"max-image-preview:large","max-video-preview":"max-video-preview:-1"},"canonical":"https:\/\/une-gaufrette-saperlipopette.be\/en\/about\/","og_locale":"en_US","og_type":"article","og_title":"about - Une Gaufrette Saperlipopette","og_description":"Saperlipopette is a family affair. Children \u00c9mile and Augustin orbit B\u00e9n\u00e9dicte and \u00c9ric Michaux. It&#8217;s a solar system that gets more and more stellar by the day! The Saperlipopette chain grew gradually, without ever losing sight of its aim: to make gorgeous products based on quality ingredients, all while staying true to the spirit of [&hellip;]","og_url":"https:\/\/une-gaufrette-saperlipopette.be\/en\/about\/","og_site_name":"Une Gaufrette Saperlipopette","article_modified_time":"2021-08-24T13:58:22+00:00","og_image":[{"url":"https:\/\/une-gaufrette-saperlipopette.be\/wp-content\/uploads\/a-propos_1-1024x461.jpg"}],"twitter_card":"summary_large_image","twitter_misc":{"Est. reading time":"2 minutes"},"schema":{"@context":"https:\/\/schema.org","@graph":[{"@type":"WebPage","@id":"https:\/\/une-gaufrette-saperlipopette.be\/en\/about\/","url":"https:\/\/une-gaufrette-saperlipopette.be\/en\/about\/","name":"about - Une Gaufrette Saperlipopette","isPartOf":{"@id":"https:\/\/une-gaufrette-saperlipopette.be\/#website"},"datePublished":"2021-08-24T12:46:46+00:00","dateModified":"2021-08-24T13:58:22+00:00","breadcrumb":{"@id":"https:\/\/une-gaufrette-saperlipopette.be\/en\/about\/#breadcrumb"},"inLanguage":"en-US","potentialAction":[{"@type":"ReadAction","target":["https:\/\/une-gaufrette-saperlipopette.be\/en\/about\/"]}]},{"@type":"BreadcrumbList","@id":"https:\/\/une-gaufrette-saperlipopette.be\/en\/about\/#breadcrumb","itemListElement":[{"@type":"ListItem","position":1,"name":"Home","item":"https:\/\/une-gaufrette-saperlipopette.be\/en\/"},{"@type":"ListItem","position":2,"name":"about"}]},{"@type":"WebSite","@id":"https:\/\/une-gaufrette-saperlipopette.be\/#website","url":"https:\/\/une-gaufrette-saperlipopette.be\/","name":"Une Gaufrette Saperlipopette","description":"Boulangerie et boutique gourmande \u00e0 Li\u00e8ge","publisher":{"@id":"https:\/\/une-gaufrette-saperlipopette.be\/#organization"},"potentialAction":[{"@type":"SearchAction","target":{"@type":"EntryPoint","urlTemplate":"https:\/\/une-gaufrette-saperlipopette.be\/?s={search_term_string}"},"query-input":"required name=search_term_string"}],"inLanguage":"en-US"},{"@type":"Organization","@id":"https:\/\/une-gaufrette-saperlipopette.be\/#organization","name":"Une Gaufrette Saperlipopette","url":"https:\/\/une-gaufrette-saperlipopette.be\/","sameAs":[],"logo":{"@type":"ImageObject","inLanguage":"en-US","@id":"https:\/\/une-gaufrette-saperlipopette.be\/#\/schema\/logo\/image\/","url":"https:\/\/une-gaufrette-saperlipopette.be\/wp-content\/uploads\/2020\/07\/une-gaufrette-saperlipopette-logo-horizontal.png","contentUrl":"https:\/\/une-gaufrette-saperlipopette.be\/wp-content\/uploads\/2020\/07\/une-gaufrette-saperlipopette-logo-horizontal.png","width":800,"height":164,"caption":"Une Gaufrette Saperlipopette"},"image":{"@id":"https:\/\/une-gaufrette-saperlipopette.be\/#\/schema\/logo\/image\/"}}]}},"_links":{"self":[{"href":"https:\/\/une-gaufrette-saperlipopette.be\/en\/wp-json\/wp\/v2\/pages\/4260"}],"collection":[{"href":"https:\/\/une-gaufrette-saperlipopette.be\/en\/wp-json\/wp\/v2\/pages"}],"about":[{"href":"https:\/\/une-gaufrette-saperlipopette.be\/en\/wp-json\/wp\/v2\/types\/page"}],"author":[{"embeddable":true,"href":"https:\/\/une-gaufrette-saperlipopette.be\/en\/wp-json\/wp\/v2\/users\/4"}],"replies":[{"embeddable":true,"href":"https:\/\/une-gaufrette-saperlipopette.be\/en\/wp-json\/wp\/v2\/comments?post=4260"}],"version-history":[{"count":4,"href":"https:\/\/une-gaufrette-saperlipopette.be\/en\/wp-json\/wp\/v2\/pages\/4260\/revisions"}],"predecessor-version":[{"id":4297,"href":"https:\/\/une-gaufrette-saperlipopette.be\/en\/wp-json\/wp\/v2\/pages\/4260\/revisions\/4297"}],"wp:attachment":[{"href":"https:\/\/une-gaufrette-saperlipopette.be\/en\/wp-json\/wp\/v2\/media?parent=4260"}],"curies":[{"name":"wp","href":"https:\/\/api.w.org\/{rel}","templated":true}]}}