{"id":4221,"date":"2021-08-24T12:00:47","date_gmt":"2021-08-24T10:00:47","guid":{"rendered":"https:\/\/une-gaufrette-saperlipopette.be\/over-ons\/"},"modified":"2021-08-24T15:59:08","modified_gmt":"2021-08-24T13:59:08","slug":"over-ons","status":"publish","type":"page","link":"https:\/\/une-gaufrette-saperlipopette.be\/nl\/over-ons\/","title":{"rendered":"over ons"},"content":{"rendered":"\t\t<div data-elementor-type=\"wp-page\" data-elementor-id=\"4221\" class=\"elementor elementor-4221 elementor-3341\" data-elementor-settings=\"[]\">\r\n\t\t\t\t\t\t<div class=\"elementor-inner\">\r\n\t\t\t\t\t\t\t<div class=\"elementor-section-wrap\">\r\n\t\t\t\t\t\t\t<section class=\"elementor-section elementor-top-section elementor-element elementor-element-b716c47 elementor-section-height-min-height elementor-section-content-middle elementor-section-boxed elementor-section-height-default elementor-section-items-middle\" data-id=\"b716c47\" data-element_type=\"section\" data-settings=\"{&quot;background_background&quot;:&quot;classic&quot;}\">\r\n\t\t\t\t\t\t\t<div class=\"elementor-background-overlay\"><\/div>\r\n\t\t\t\t\t\t\t<div class=\"elementor-container elementor-column-gap-no\">\r\n\t\t\t\t\t\t\t<div class=\"elementor-row\">\r\n\t\t\t\t\t<div class=\"elementor-column elementor-col-100 elementor-top-column elementor-element elementor-element-db2aaf8\" data-id=\"db2aaf8\" data-element_type=\"column\" data-settings=\"{&quot;background_background&quot;:&quot;gradient&quot;}\">\r\n\t\t\t<div class=\"elementor-column-wrap elementor-element-populated\">\r\n\t\t\t\t\t\t\t<div class=\"elementor-widget-wrap\">\r\n\t\t\t\t\t\t<div class=\"elementor-element elementor-element-df7ec4d elementor-widget-divider--view-line elementor-widget elementor-widget-divider\" data-id=\"df7ec4d\" data-element_type=\"widget\" data-widget_type=\"divider.default\">\r\n\t\t\t\t<div class=\"elementor-widget-container\">\r\n\t\t\t\t\t<div class=\"elementor-divider\">\r\n\t\t\t<span class=\"elementor-divider-separator\">\r\n\t\t\t\t\t\t<\/span>\r\n\t\t<\/div>\r\n\t\t\t\t<\/div>\r\n\t\t\t\t<\/div>\r\n\t\t\t\t<div class=\"elementor-element elementor-element-865eebc elementor-widget elementor-widget-text-editor\" data-id=\"865eebc\" data-element_type=\"widget\" data-widget_type=\"text-editor.default\">\r\n\t\t\t\t<div class=\"elementor-widget-container\">\r\n\t\t\t\t\t\t\t\t<div class=\"elementor-text-editor elementor-clearfix\">\r\n\t\t\t\t<p>Saperlipopette is een familiezaak. Die wordt uitgebaat door B\u00e9n\u00e9dicte en \u00c9ric Michaux, samen met hun twee zonen \u00c9mile en Augustin. De aflossing van de wacht ziet er elke dag veelbelovender uit!<\/p>\n\t\t\t\t\t<\/div>\r\n\t\t\t\t\t\t<\/div>\r\n\t\t\t\t<\/div>\r\n\t\t\t\t\t\t<\/div>\r\n\t\t\t\t\t<\/div>\r\n\t\t<\/div>\r\n\t\t\t\t\t\t\t\t<\/div>\r\n\t\t\t\t\t<\/div>\r\n\t\t<\/section>\r\n\t\t\t\t<section class=\"elementor-section elementor-top-section elementor-element elementor-element-99f7191 elementor-section-boxed elementor-section-height-default elementor-section-height-default\" data-id=\"99f7191\" data-element_type=\"section\" data-settings=\"{&quot;background_background&quot;:&quot;classic&quot;}\">\r\n\t\t\t\t\t\t\t<div class=\"elementor-background-overlay\"><\/div>\r\n\t\t\t\t\t\t\t<div class=\"elementor-container elementor-column-gap-default\">\r\n\t\t\t\t\t\t\t<div class=\"elementor-row\">\r\n\t\t\t\t\t<div class=\"elementor-column elementor-col-100 elementor-top-column elementor-element elementor-element-59e0848\" data-id=\"59e0848\" data-element_type=\"column\">\r\n\t\t\t<div class=\"elementor-column-wrap elementor-element-populated\">\r\n\t\t\t\t\t\t\t<div class=\"elementor-widget-wrap\">\r\n\t\t\t\t\t\t<div class=\"elementor-element elementor-element-93a5bd1 elementor-widget elementor-widget-spacer\" data-id=\"93a5bd1\" data-element_type=\"widget\" data-widget_type=\"spacer.default\">\r\n\t\t\t\t<div class=\"elementor-widget-container\">\r\n\t\t\t\t\t<div class=\"elementor-spacer\">\r\n\t\t\t<div class=\"elementor-spacer-inner\"><\/div>\r\n\t\t<\/div>\r\n\t\t\t\t<\/div>\r\n\t\t\t\t<\/div>\r\n\t\t\t\t<div class=\"elementor-element elementor-element-47ad110 elementor-widget elementor-widget-text-editor\" data-id=\"47ad110\" data-element_type=\"widget\" data-widget_type=\"text-editor.default\">\r\n\t\t\t\t<div class=\"elementor-widget-container\">\r\n\t\t\t\t\t\t\t\t<div class=\"elementor-text-editor elementor-clearfix\">\r\n\t\t\t\t<p>Saperlipopette heeft zich geleidelijk aan ontwikkeld, maar is zijn doel nooit uit het oog verloren: lekkere producten maken met kwaliteitsingredi\u00ebnten, trouw aan de Luikse mentaliteit. &#8220;We zochten een pretentieloze naam die je ongewild laat glimlachen. Zo zijn we bij <em>Une Gaufrette Saperlipopette<\/em>. uitgekomen.&#8221;<\/p>\n\t\t\t\t\t<\/div>\r\n\t\t\t\t\t\t<\/div>\r\n\t\t\t\t<\/div>\r\n\t\t\t\t\t\t<\/div>\r\n\t\t\t\t\t<\/div>\r\n\t\t<\/div>\r\n\t\t\t\t\t\t\t\t<\/div>\r\n\t\t\t\t\t<\/div>\r\n\t\t<\/section>\r\n\t\t\t\t<section class=\"elementor-section elementor-top-section elementor-element elementor-element-0435783 elementor-section-boxed elementor-section-height-default elementor-section-height-default\" data-id=\"0435783\" data-element_type=\"section\">\r\n\t\t\t\t\t\t<div class=\"elementor-container elementor-column-gap-default\">\r\n\t\t\t\t\t\t\t<div class=\"elementor-row\">\r\n\t\t\t\t\t<div class=\"elementor-column elementor-col-100 elementor-top-column elementor-element elementor-element-ce08ffa\" data-id=\"ce08ffa\" data-element_type=\"column\">\r\n\t\t\t<div class=\"elementor-column-wrap\">\r\n\t\t\t\t\t\t\t<div class=\"elementor-widget-wrap\">\r\n\t\t\t\t\t\t\t\t<\/div>\r\n\t\t\t\t\t<\/div>\r\n\t\t<\/div>\r\n\t\t\t\t\t\t\t\t<\/div>\r\n\t\t\t\t\t<\/div>\r\n\t\t<\/section>\r\n\t\t\t\t<section class=\"elementor-section elementor-top-section elementor-element elementor-element-9c3ef8a elementor-section-boxed elementor-section-height-default elementor-section-height-default\" data-id=\"9c3ef8a\" data-element_type=\"section\">\r\n\t\t\t\t\t\t<div class=\"elementor-container elementor-column-gap-default\">\r\n\t\t\t\t\t\t\t<div class=\"elementor-row\">\r\n\t\t\t\t\t<div class=\"elementor-column elementor-col-100 elementor-top-column elementor-element elementor-element-f21fc8c\" data-id=\"f21fc8c\" data-element_type=\"column\">\r\n\t\t\t<div class=\"elementor-column-wrap elementor-element-populated\">\r\n\t\t\t\t\t\t\t<div class=\"elementor-widget-wrap\">\r\n\t\t\t\t\t\t<div class=\"elementor-element elementor-element-ac05138 elementor-widget elementor-widget-image\" data-id=\"ac05138\" data-element_type=\"widget\" data-widget_type=\"image.default\">\r\n\t\t\t\t<div class=\"elementor-widget-container\">\r\n\t\t\t\t\t\t\t\t<div class=\"elementor-image\">\r\n\t\t\t\t\t\t\t\t\t\t\t\t<img width=\"980\" height=\"441\" src=\"https:\/\/une-gaufrette-saperlipopette.be\/wp-content\/uploads\/a-propos_1-1024x461.jpg\" class=\"attachment-large size-large\" alt=\"\" loading=\"lazy\" srcset=\"https:\/\/une-gaufrette-saperlipopette.be\/wp-content\/uploads\/a-propos_1-1024x461.jpg 1024w, https:\/\/une-gaufrette-saperlipopette.be\/wp-content\/uploads\/a-propos_1-300x135.jpg 300w, https:\/\/une-gaufrette-saperlipopette.be\/wp-content\/uploads\/a-propos_1-768x346.jpg 768w, https:\/\/une-gaufrette-saperlipopette.be\/wp-content\/uploads\/a-propos_1-1536x691.jpg 1536w, https:\/\/une-gaufrette-saperlipopette.be\/wp-content\/uploads\/a-propos_1.jpg 1920w\" sizes=\"(max-width: 980px) 100vw, 980px\" \/>\t\t\t\t\t\t\t\t\t\t\t\t\t\t<\/div>\r\n\t\t\t\t\t\t<\/div>\r\n\t\t\t\t<\/div>\r\n\t\t\t\t\t\t<\/div>\r\n\t\t\t\t\t<\/div>\r\n\t\t<\/div>\r\n\t\t\t\t\t\t\t\t<\/div>\r\n\t\t\t\t\t<\/div>\r\n\t\t<\/section>\r\n\t\t\t\t<section class=\"elementor-section elementor-top-section elementor-element elementor-element-d1542f5 elementor-section-boxed elementor-section-height-default elementor-section-height-default\" data-id=\"d1542f5\" data-element_type=\"section\" data-settings=\"{&quot;background_background&quot;:&quot;classic&quot;}\">\r\n\t\t\t\t\t\t<div class=\"elementor-container elementor-column-gap-default\">\r\n\t\t\t\t\t\t\t<div class=\"elementor-row\">\r\n\t\t\t\t\t<div class=\"elementor-column elementor-col-100 elementor-top-column elementor-element elementor-element-761cb83\" data-id=\"761cb83\" data-element_type=\"column\">\r\n\t\t\t<div class=\"elementor-column-wrap elementor-element-populated\">\r\n\t\t\t\t\t\t\t<div class=\"elementor-widget-wrap\">\r\n\t\t\t\t\t\t<div class=\"elementor-element elementor-element-c93ed2d elementor-widget elementor-widget-spacer\" data-id=\"c93ed2d\" data-element_type=\"widget\" data-widget_type=\"spacer.default\">\r\n\t\t\t\t<div class=\"elementor-widget-container\">\r\n\t\t\t\t\t<div class=\"elementor-spacer\">\r\n\t\t\t<div class=\"elementor-spacer-inner\"><\/div>\r\n\t\t<\/div>\r\n\t\t\t\t<\/div>\r\n\t\t\t\t<\/div>\r\n\t\t\t\t<div class=\"elementor-element elementor-element-3ca8b10 elementor-widget elementor-widget-text-editor\" data-id=\"3ca8b10\" data-element_type=\"widget\" data-widget_type=\"text-editor.default\">\r\n\t\t\t\t<div class=\"elementor-widget-container\">\r\n\t\t\t\t\t\t\t\t<div class=\"elementor-text-editor elementor-clearfix\">\r\n\t\t\t\t<p>Aanvankelijk wilden we alleen Luikse wafels verkopen, maar al snel doken in de etalage van <strong>la Petite Boutique<\/strong> ook andere lekkernijen (madeleines, speculoos&#8230;) op. Het was meteen een doorslaand succes, al van bij de opening in 2013. Binnen de kortste keren kregen de verkoop- en productieteams het veel te druk.<\/p>\n<p>&#8220;Het gebouw aan de overkant van de straat stond leeg. We hebben in het souterrain ge\u00efnvesteerd om daar de producten voor de Boutique te maken. Daarna zijn we brood beginnen bakken en uiteindelijk hebben we ook het gelijkvloers ingenomen om er in 2015 <strong>la Boulangerie<\/strong> te openen.&#8221;<\/p>\n\t\t\t\t\t<\/div>\r\n\t\t\t\t\t\t<\/div>\r\n\t\t\t\t<\/div>\r\n\t\t\t\t\t\t<\/div>\r\n\t\t\t\t\t<\/div>\r\n\t\t<\/div>\r\n\t\t\t\t\t\t\t\t<\/div>\r\n\t\t\t\t\t<\/div>\r\n\t\t<\/section>\r\n\t\t\t\t<section class=\"elementor-section elementor-top-section elementor-element elementor-element-af02309 elementor-section-boxed elementor-section-height-default elementor-section-height-default\" data-id=\"af02309\" data-element_type=\"section\">\r\n\t\t\t\t\t\t<div class=\"elementor-container elementor-column-gap-default\">\r\n\t\t\t\t\t\t\t<div class=\"elementor-row\">\r\n\t\t\t\t\t<div class=\"elementor-column elementor-col-100 elementor-top-column elementor-element elementor-element-418219b\" data-id=\"418219b\" data-element_type=\"column\">\r\n\t\t\t<div class=\"elementor-column-wrap elementor-element-populated\">\r\n\t\t\t\t\t\t\t<div class=\"elementor-widget-wrap\">\r\n\t\t\t\t\t\t<div class=\"elementor-element elementor-element-15502b7 elementor-widget elementor-widget-image\" data-id=\"15502b7\" data-element_type=\"widget\" data-widget_type=\"image.default\">\r\n\t\t\t\t<div class=\"elementor-widget-container\">\r\n\t\t\t\t\t\t\t\t<div class=\"elementor-image\">\r\n\t\t\t\t\t\t\t\t\t\t\t\t<img width=\"684\" height=\"1024\" src=\"https:\/\/une-gaufrette-saperlipopette.be\/wp-content\/uploads\/a-propos_2-684x1024.jpg\" class=\"attachment-large size-large\" alt=\"\" loading=\"lazy\" srcset=\"https:\/\/une-gaufrette-saperlipopette.be\/wp-content\/uploads\/a-propos_2-684x1024.jpg 684w, https:\/\/une-gaufrette-saperlipopette.be\/wp-content\/uploads\/a-propos_2-200x300.jpg 200w, https:\/\/une-gaufrette-saperlipopette.be\/wp-content\/uploads\/a-propos_2-768x1150.jpg 768w, https:\/\/une-gaufrette-saperlipopette.be\/wp-content\/uploads\/a-propos_2-1025x1536.jpg 1025w, https:\/\/une-gaufrette-saperlipopette.be\/wp-content\/uploads\/a-propos_2-1367x2048.jpg 1367w, https:\/\/une-gaufrette-saperlipopette.be\/wp-content\/uploads\/a-propos_2-scaled.jpg 1709w\" sizes=\"(max-width: 684px) 100vw, 684px\" \/>\t\t\t\t\t\t\t\t\t\t\t\t\t\t<\/div>\r\n\t\t\t\t\t\t<\/div>\r\n\t\t\t\t<\/div>\r\n\t\t\t\t\t\t<\/div>\r\n\t\t\t\t\t<\/div>\r\n\t\t<\/div>\r\n\t\t\t\t\t\t\t\t<\/div>\r\n\t\t\t\t\t<\/div>\r\n\t\t<\/section>\r\n\t\t\t\t<section class=\"elementor-section elementor-top-section elementor-element elementor-element-070fcaa elementor-section-boxed elementor-section-height-default elementor-section-height-default\" data-id=\"070fcaa\" data-element_type=\"section\" data-settings=\"{&quot;background_background&quot;:&quot;classic&quot;}\">\r\n\t\t\t\t\t\t<div class=\"elementor-container elementor-column-gap-default\">\r\n\t\t\t\t\t\t\t<div class=\"elementor-row\">\r\n\t\t\t\t\t<div class=\"elementor-column elementor-col-100 elementor-top-column elementor-element elementor-element-860e2a8\" data-id=\"860e2a8\" data-element_type=\"column\">\r\n\t\t\t<div class=\"elementor-column-wrap elementor-element-populated\">\r\n\t\t\t\t\t\t\t<div class=\"elementor-widget-wrap\">\r\n\t\t\t\t\t\t<div class=\"elementor-element elementor-element-5f5d71b elementor-widget elementor-widget-spacer\" data-id=\"5f5d71b\" data-element_type=\"widget\" data-widget_type=\"spacer.default\">\r\n\t\t\t\t<div class=\"elementor-widget-container\">\r\n\t\t\t\t\t<div class=\"elementor-spacer\">\r\n\t\t\t<div class=\"elementor-spacer-inner\"><\/div>\r\n\t\t<\/div>\r\n\t\t\t\t<\/div>\r\n\t\t\t\t<\/div>\r\n\t\t\t\t<div class=\"elementor-element elementor-element-c3b1303 elementor-widget elementor-widget-text-editor\" data-id=\"c3b1303\" data-element_type=\"widget\" data-widget_type=\"text-editor.default\">\r\n\t\t\t\t<div class=\"elementor-widget-container\">\r\n\t\t\t\t\t\t\t\t<div class=\"elementor-text-editor elementor-clearfix\">\r\n\t\t\t\t<p>Sinds 2019 gebruikt Une Gaufrette Saperlipopette zijn vakmanschap ook om roomijs te maken. In <strong>Cr\u00e8me Glac\u00e9e<\/strong> word je vergast op frisse smaken en idee\u00ebn. Van zodra de temperatuur begint te stijgen, gaan \u00c9mile en zijn team aan de slag met ambachtelijk roomijs en sorbets met subtiele smaken. Om heerlijk van te likken, in een potje of op een hoorntje, met huisgemaakte koekjes en meringues, kuierend door de geplaveide Luikse steegjes of door het stadscentrum.<\/p>\n\t\t\t\t\t<\/div>\r\n\t\t\t\t\t\t<\/div>\r\n\t\t\t\t<\/div>\r\n\t\t\t\t<div class=\"elementor-element elementor-element-e122fe7 elementor-widget elementor-widget-spacer\" data-id=\"e122fe7\" data-element_type=\"widget\" data-widget_type=\"spacer.default\">\r\n\t\t\t\t<div class=\"elementor-widget-container\">\r\n\t\t\t\t\t<div class=\"elementor-spacer\">\r\n\t\t\t<div class=\"elementor-spacer-inner\"><\/div>\r\n\t\t<\/div>\r\n\t\t\t\t<\/div>\r\n\t\t\t\t<\/div>\r\n\t\t\t\t\t\t<\/div>\r\n\t\t\t\t\t<\/div>\r\n\t\t<\/div>\r\n\t\t\t\t\t\t\t\t<\/div>\r\n\t\t\t\t\t<\/div>\r\n\t\t<\/section>\r\n\t\t\t\t\t\t<\/div>\r\n\t\t\t\t\t\t<\/div>\r\n\t\t\t\t\t<\/div>\r\n\t\t","protected":false},"excerpt":{"rendered":"<p>Saperlipopette is een familiezaak. Die wordt uitgebaat door B\u00e9n\u00e9dicte en \u00c9ric Michaux, samen met hun twee zonen \u00c9mile en Augustin. De aflossing van de wacht ziet er elke dag veelbelovender uit! Saperlipopette heeft zich geleidelijk aan ontwikkeld, maar is zijn doel nooit uit het oog verloren: lekkere producten maken met kwaliteitsingredi\u00ebnten, trouw aan de Luikse [&hellip;]<\/p>\n","protected":false},"author":4,"featured_media":0,"parent":0,"menu_order":0,"comment_status":"closed","ping_status":"closed","template":"","meta":[],"acf":[],"yoast_head":"<!-- This site is optimized with the Yoast SEO plugin v19.6 - https:\/\/yoast.com\/wordpress\/plugins\/seo\/ -->\n<title>over ons - Une Gaufrette Saperlipopette<\/title>\n<meta name=\"robots\" content=\"index, follow, max-snippet:-1, max-image-preview:large, max-video-preview:-1\" \/>\n<link rel=\"canonical\" href=\"https:\/\/une-gaufrette-saperlipopette.be\/nl\/over-ons\/\" \/>\n<meta property=\"og:locale\" content=\"nl_NL\" \/>\n<meta property=\"og:type\" content=\"article\" \/>\n<meta property=\"og:title\" content=\"over ons - Une Gaufrette Saperlipopette\" \/>\n<meta property=\"og:description\" content=\"Saperlipopette is een familiezaak. Die wordt uitgebaat door B\u00e9n\u00e9dicte en \u00c9ric Michaux, samen met hun twee zonen \u00c9mile en Augustin. De aflossing van de wacht ziet er elke dag veelbelovender uit! Saperlipopette heeft zich geleidelijk aan ontwikkeld, maar is zijn doel nooit uit het oog verloren: lekkere producten maken met kwaliteitsingredi\u00ebnten, trouw aan de Luikse [&hellip;]\" \/>\n<meta property=\"og:url\" content=\"https:\/\/une-gaufrette-saperlipopette.be\/nl\/over-ons\/\" \/>\n<meta property=\"og:site_name\" content=\"Une Gaufrette Saperlipopette\" \/>\n<meta property=\"article:modified_time\" content=\"2021-08-24T13:59:08+00:00\" \/>\n<meta property=\"og:image\" content=\"https:\/\/une-gaufrette-saperlipopette.be\/wp-content\/uploads\/a-propos_1-1024x461.jpg\" \/>\n<meta name=\"twitter:card\" content=\"summary_large_image\" \/>\n<meta name=\"twitter:label1\" content=\"Geschatte leestijd\" \/>\n\t<meta name=\"twitter:data1\" content=\"2 minuten\" \/>\n<script type=\"application\/ld+json\" class=\"yoast-schema-graph\">{\"@context\":\"https:\/\/schema.org\",\"@graph\":[{\"@type\":\"WebPage\",\"@id\":\"https:\/\/une-gaufrette-saperlipopette.be\/nl\/over-ons\/\",\"url\":\"https:\/\/une-gaufrette-saperlipopette.be\/nl\/over-ons\/\",\"name\":\"over ons - Une Gaufrette Saperlipopette\",\"isPartOf\":{\"@id\":\"https:\/\/une-gaufrette-saperlipopette.be\/#website\"},\"datePublished\":\"2021-08-24T10:00:47+00:00\",\"dateModified\":\"2021-08-24T13:59:08+00:00\",\"breadcrumb\":{\"@id\":\"https:\/\/une-gaufrette-saperlipopette.be\/nl\/over-ons\/#breadcrumb\"},\"inLanguage\":\"nl\",\"potentialAction\":[{\"@type\":\"ReadAction\",\"target\":[\"https:\/\/une-gaufrette-saperlipopette.be\/nl\/over-ons\/\"]}]},{\"@type\":\"BreadcrumbList\",\"@id\":\"https:\/\/une-gaufrette-saperlipopette.be\/nl\/over-ons\/#breadcrumb\",\"itemListElement\":[{\"@type\":\"ListItem\",\"position\":1,\"name\":\"Home\",\"item\":\"https:\/\/une-gaufrette-saperlipopette.be\/nl\/\"},{\"@type\":\"ListItem\",\"position\":2,\"name\":\"over ons\"}]},{\"@type\":\"WebSite\",\"@id\":\"https:\/\/une-gaufrette-saperlipopette.be\/#website\",\"url\":\"https:\/\/une-gaufrette-saperlipopette.be\/\",\"name\":\"Une Gaufrette Saperlipopette\",\"description\":\"Boulangerie et boutique gourmande \u00e0 Li\u00e8ge\",\"publisher\":{\"@id\":\"https:\/\/une-gaufrette-saperlipopette.be\/#organization\"},\"potentialAction\":[{\"@type\":\"SearchAction\",\"target\":{\"@type\":\"EntryPoint\",\"urlTemplate\":\"https:\/\/une-gaufrette-saperlipopette.be\/?s={search_term_string}\"},\"query-input\":\"required name=search_term_string\"}],\"inLanguage\":\"nl\"},{\"@type\":\"Organization\",\"@id\":\"https:\/\/une-gaufrette-saperlipopette.be\/#organization\",\"name\":\"Une Gaufrette Saperlipopette\",\"url\":\"https:\/\/une-gaufrette-saperlipopette.be\/\",\"sameAs\":[],\"logo\":{\"@type\":\"ImageObject\",\"inLanguage\":\"nl\",\"@id\":\"https:\/\/une-gaufrette-saperlipopette.be\/#\/schema\/logo\/image\/\",\"url\":\"https:\/\/une-gaufrette-saperlipopette.be\/wp-content\/uploads\/2020\/07\/une-gaufrette-saperlipopette-logo-horizontal.png\",\"contentUrl\":\"https:\/\/une-gaufrette-saperlipopette.be\/wp-content\/uploads\/2020\/07\/une-gaufrette-saperlipopette-logo-horizontal.png\",\"width\":800,\"height\":164,\"caption\":\"Une Gaufrette Saperlipopette\"},\"image\":{\"@id\":\"https:\/\/une-gaufrette-saperlipopette.be\/#\/schema\/logo\/image\/\"}}]}<\/script>\n<!-- \/ Yoast SEO plugin. -->","yoast_head_json":{"title":"over ons - Une Gaufrette Saperlipopette","robots":{"index":"index","follow":"follow","max-snippet":"max-snippet:-1","max-image-preview":"max-image-preview:large","max-video-preview":"max-video-preview:-1"},"canonical":"https:\/\/une-gaufrette-saperlipopette.be\/nl\/over-ons\/","og_locale":"nl_NL","og_type":"article","og_title":"over ons - Une Gaufrette Saperlipopette","og_description":"Saperlipopette is een familiezaak. Die wordt uitgebaat door B\u00e9n\u00e9dicte en \u00c9ric Michaux, samen met hun twee zonen \u00c9mile en Augustin. De aflossing van de wacht ziet er elke dag veelbelovender uit! Saperlipopette heeft zich geleidelijk aan ontwikkeld, maar is zijn doel nooit uit het oog verloren: lekkere producten maken met kwaliteitsingredi\u00ebnten, trouw aan de Luikse [&hellip;]","og_url":"https:\/\/une-gaufrette-saperlipopette.be\/nl\/over-ons\/","og_site_name":"Une Gaufrette Saperlipopette","article_modified_time":"2021-08-24T13:59:08+00:00","og_image":[{"url":"https:\/\/une-gaufrette-saperlipopette.be\/wp-content\/uploads\/a-propos_1-1024x461.jpg"}],"twitter_card":"summary_large_image","twitter_misc":{"Geschatte leestijd":"2 minuten"},"schema":{"@context":"https:\/\/schema.org","@graph":[{"@type":"WebPage","@id":"https:\/\/une-gaufrette-saperlipopette.be\/nl\/over-ons\/","url":"https:\/\/une-gaufrette-saperlipopette.be\/nl\/over-ons\/","name":"over ons - Une Gaufrette Saperlipopette","isPartOf":{"@id":"https:\/\/une-gaufrette-saperlipopette.be\/#website"},"datePublished":"2021-08-24T10:00:47+00:00","dateModified":"2021-08-24T13:59:08+00:00","breadcrumb":{"@id":"https:\/\/une-gaufrette-saperlipopette.be\/nl\/over-ons\/#breadcrumb"},"inLanguage":"nl","potentialAction":[{"@type":"ReadAction","target":["https:\/\/une-gaufrette-saperlipopette.be\/nl\/over-ons\/"]}]},{"@type":"BreadcrumbList","@id":"https:\/\/une-gaufrette-saperlipopette.be\/nl\/over-ons\/#breadcrumb","itemListElement":[{"@type":"ListItem","position":1,"name":"Home","item":"https:\/\/une-gaufrette-saperlipopette.be\/nl\/"},{"@type":"ListItem","position":2,"name":"over ons"}]},{"@type":"WebSite","@id":"https:\/\/une-gaufrette-saperlipopette.be\/#website","url":"https:\/\/une-gaufrette-saperlipopette.be\/","name":"Une Gaufrette Saperlipopette","description":"Boulangerie et boutique gourmande \u00e0 Li\u00e8ge","publisher":{"@id":"https:\/\/une-gaufrette-saperlipopette.be\/#organization"},"potentialAction":[{"@type":"SearchAction","target":{"@type":"EntryPoint","urlTemplate":"https:\/\/une-gaufrette-saperlipopette.be\/?s={search_term_string}"},"query-input":"required name=search_term_string"}],"inLanguage":"nl"},{"@type":"Organization","@id":"https:\/\/une-gaufrette-saperlipopette.be\/#organization","name":"Une Gaufrette Saperlipopette","url":"https:\/\/une-gaufrette-saperlipopette.be\/","sameAs":[],"logo":{"@type":"ImageObject","inLanguage":"nl","@id":"https:\/\/une-gaufrette-saperlipopette.be\/#\/schema\/logo\/image\/","url":"https:\/\/une-gaufrette-saperlipopette.be\/wp-content\/uploads\/2020\/07\/une-gaufrette-saperlipopette-logo-horizontal.png","contentUrl":"https:\/\/une-gaufrette-saperlipopette.be\/wp-content\/uploads\/2020\/07\/une-gaufrette-saperlipopette-logo-horizontal.png","width":800,"height":164,"caption":"Une Gaufrette Saperlipopette"},"image":{"@id":"https:\/\/une-gaufrette-saperlipopette.be\/#\/schema\/logo\/image\/"}}]}},"_links":{"self":[{"href":"https:\/\/une-gaufrette-saperlipopette.be\/nl\/wp-json\/wp\/v2\/pages\/4221"}],"collection":[{"href":"https:\/\/une-gaufrette-saperlipopette.be\/nl\/wp-json\/wp\/v2\/pages"}],"about":[{"href":"https:\/\/une-gaufrette-saperlipopette.be\/nl\/wp-json\/wp\/v2\/types\/page"}],"author":[{"embeddable":true,"href":"https:\/\/une-gaufrette-saperlipopette.be\/nl\/wp-json\/wp\/v2\/users\/4"}],"replies":[{"embeddable":true,"href":"https:\/\/une-gaufrette-saperlipopette.be\/nl\/wp-json\/wp\/v2\/comments?post=4221"}],"version-history":[{"count":4,"href":"https:\/\/une-gaufrette-saperlipopette.be\/nl\/wp-json\/wp\/v2\/pages\/4221\/revisions"}],"predecessor-version":[{"id":4300,"href":"https:\/\/une-gaufrette-saperlipopette.be\/nl\/wp-json\/wp\/v2\/pages\/4221\/revisions\/4300"}],"wp:attachment":[{"href":"https:\/\/une-gaufrette-saperlipopette.be\/nl\/wp-json\/wp\/v2\/media?parent=4221"}],"curies":[{"name":"wp","href":"https:\/\/api.w.org\/{rel}","templated":true}]}}