{"id":4223,"date":"2021-08-24T12:03:13","date_gmt":"2021-08-24T10:03:13","guid":{"rendered":"https:\/\/une-gaufrette-saperlipopette.be\/onze-werkwijze\/"},"modified":"2021-08-24T16:10:34","modified_gmt":"2021-08-24T14:10:34","slug":"onze-werkwijze","status":"publish","type":"page","link":"https:\/\/une-gaufrette-saperlipopette.be\/nl\/onze-werkwijze\/","title":{"rendered":"onze werkwijze"},"content":{"rendered":"\t\t<div data-elementor-type=\"wp-page\" data-elementor-id=\"4223\" class=\"elementor elementor-4223 elementor-3422\" data-elementor-settings=\"[]\">\r\n\t\t\t\t\t\t<div class=\"elementor-inner\">\r\n\t\t\t\t\t\t\t<div class=\"elementor-section-wrap\">\r\n\t\t\t\t\t\t\t<section class=\"elementor-section elementor-top-section elementor-element elementor-element-b716c47 elementor-section-height-min-height elementor-section-content-middle elementor-section-boxed elementor-section-height-default elementor-section-items-middle\" data-id=\"b716c47\" data-element_type=\"section\" data-settings=\"{&quot;background_background&quot;:&quot;classic&quot;}\">\r\n\t\t\t\t\t\t\t<div class=\"elementor-background-overlay\"><\/div>\r\n\t\t\t\t\t\t\t<div class=\"elementor-container elementor-column-gap-no\">\r\n\t\t\t\t\t\t\t<div class=\"elementor-row\">\r\n\t\t\t\t\t<div class=\"elementor-column elementor-col-100 elementor-top-column elementor-element elementor-element-db2aaf8\" data-id=\"db2aaf8\" data-element_type=\"column\">\r\n\t\t\t<div class=\"elementor-column-wrap elementor-element-populated\">\r\n\t\t\t\t\t\t\t<div class=\"elementor-widget-wrap\">\r\n\t\t\t\t\t\t<div class=\"elementor-element elementor-element-df7ec4d elementor-widget-divider--view-line elementor-widget elementor-widget-divider\" data-id=\"df7ec4d\" data-element_type=\"widget\" data-widget_type=\"divider.default\">\r\n\t\t\t\t<div class=\"elementor-widget-container\">\r\n\t\t\t\t\t<div class=\"elementor-divider\">\r\n\t\t\t<span class=\"elementor-divider-separator\">\r\n\t\t\t\t\t\t<\/span>\r\n\t\t<\/div>\r\n\t\t\t\t<\/div>\r\n\t\t\t\t<\/div>\r\n\t\t\t\t<div class=\"elementor-element elementor-element-865eebc elementor-widget elementor-widget-text-editor\" data-id=\"865eebc\" data-element_type=\"widget\" data-widget_type=\"text-editor.default\">\r\n\t\t\t\t<div class=\"elementor-widget-container\">\r\n\t\t\t\t\t\t\t\t<div class=\"elementor-text-editor elementor-clearfix\">\r\n\t\t\t\t<p>Aangezien brood op dezelfde dag wordt gebakken en verkocht, is er geen etikettering vereist. Je kunt dus onmogelijk weten wat er echt in zit. Gelukkig is het brood van Saperlipopette van onschatbare waarde.<\/p>\n\t\t\t\t\t<\/div>\r\n\t\t\t\t\t\t<\/div>\r\n\t\t\t\t<\/div>\r\n\t\t\t\t\t\t<\/div>\r\n\t\t\t\t\t<\/div>\r\n\t\t<\/div>\r\n\t\t\t\t\t\t\t\t<\/div>\r\n\t\t\t\t\t<\/div>\r\n\t\t<\/section>\r\n\t\t\t\t<section class=\"elementor-section elementor-top-section elementor-element elementor-element-99f7191 elementor-section-boxed elementor-section-height-default elementor-section-height-default\" data-id=\"99f7191\" data-element_type=\"section\" data-settings=\"{&quot;background_background&quot;:&quot;classic&quot;}\">\r\n\t\t\t\t\t\t\t<div class=\"elementor-background-overlay\"><\/div>\r\n\t\t\t\t\t\t\t<div class=\"elementor-container elementor-column-gap-default\">\r\n\t\t\t\t\t\t\t<div class=\"elementor-row\">\r\n\t\t\t\t\t<div class=\"elementor-column elementor-col-100 elementor-top-column elementor-element elementor-element-59e0848\" data-id=\"59e0848\" data-element_type=\"column\">\r\n\t\t\t<div class=\"elementor-column-wrap elementor-element-populated\">\r\n\t\t\t\t\t\t\t<div class=\"elementor-widget-wrap\">\r\n\t\t\t\t\t\t<div class=\"elementor-element elementor-element-93a5bd1 elementor-widget elementor-widget-spacer\" data-id=\"93a5bd1\" data-element_type=\"widget\" data-widget_type=\"spacer.default\">\r\n\t\t\t\t<div class=\"elementor-widget-container\">\r\n\t\t\t\t\t<div class=\"elementor-spacer\">\r\n\t\t\t<div class=\"elementor-spacer-inner\"><\/div>\r\n\t\t<\/div>\r\n\t\t\t\t<\/div>\r\n\t\t\t\t<\/div>\r\n\t\t\t\t<div class=\"elementor-element elementor-element-47ad110 elementor-widget elementor-widget-text-editor\" data-id=\"47ad110\" data-element_type=\"widget\" data-widget_type=\"text-editor.default\">\r\n\t\t\t\t<div class=\"elementor-widget-container\">\r\n\t\t\t\t\t\t\t\t<div class=\"elementor-text-editor elementor-clearfix\">\r\n\t\t\t\t<p>Verse eieren, Beurre Rose uit Luxemburg, rauwe melk uit Aubel, lekker fruit uit de streek, meel van Moulins Bodson&#8230; De producten van de familie Michaux worden alleen met de beste ingredi\u00ebnten bereid. Het meel is afkomstig van ultrage\u00efntegreerde landbouw uit Haspengouw. Het graan wordt alleen vermalen, meer niet. Dit alles gebeurt met een onge\u00ebvenaard vakmanschap.<\/p>\n\t\t\t\t\t<\/div>\r\n\t\t\t\t\t\t<\/div>\r\n\t\t\t\t<\/div>\r\n\t\t\t\t<div class=\"elementor-element elementor-element-f9d6a81 elementor-widget elementor-widget-spacer\" data-id=\"f9d6a81\" data-element_type=\"widget\" data-widget_type=\"spacer.default\">\r\n\t\t\t\t<div class=\"elementor-widget-container\">\r\n\t\t\t\t\t<div class=\"elementor-spacer\">\r\n\t\t\t<div class=\"elementor-spacer-inner\"><\/div>\r\n\t\t<\/div>\r\n\t\t\t\t<\/div>\r\n\t\t\t\t<\/div>\r\n\t\t\t\t\t\t<\/div>\r\n\t\t\t\t\t<\/div>\r\n\t\t<\/div>\r\n\t\t\t\t\t\t\t\t<\/div>\r\n\t\t\t\t\t<\/div>\r\n\t\t<\/section>\r\n\t\t\t\t<section class=\"elementor-section elementor-top-section elementor-element elementor-element-9c3ef8a elementor-section-boxed elementor-section-height-default elementor-section-height-default\" data-id=\"9c3ef8a\" data-element_type=\"section\">\r\n\t\t\t\t\t\t<div class=\"elementor-container elementor-column-gap-default\">\r\n\t\t\t\t\t\t\t<div class=\"elementor-row\">\r\n\t\t\t\t\t<div class=\"elementor-column elementor-col-100 elementor-top-column elementor-element elementor-element-f21fc8c\" data-id=\"f21fc8c\" data-element_type=\"column\">\r\n\t\t\t<div class=\"elementor-column-wrap elementor-element-populated\">\r\n\t\t\t\t\t\t\t<div class=\"elementor-widget-wrap\">\r\n\t\t\t\t\t\t<div class=\"elementor-element elementor-element-ac05138 elementor-widget elementor-widget-image\" data-id=\"ac05138\" data-element_type=\"widget\" data-widget_type=\"image.default\">\r\n\t\t\t\t<div class=\"elementor-widget-container\">\r\n\t\t\t\t\t\t\t\t<div class=\"elementor-image\">\r\n\t\t\t\t\t\t\t\t\t\t\t\t<img width=\"980\" height=\"652\" src=\"https:\/\/une-gaufrette-saperlipopette.be\/wp-content\/uploads\/notre-demarche_1-1024x681.jpg\" class=\"attachment-large size-large\" alt=\"\" loading=\"lazy\" srcset=\"https:\/\/une-gaufrette-saperlipopette.be\/wp-content\/uploads\/notre-demarche_1-1024x681.jpg 1024w, https:\/\/une-gaufrette-saperlipopette.be\/wp-content\/uploads\/notre-demarche_1-300x200.jpg 300w, https:\/\/une-gaufrette-saperlipopette.be\/wp-content\/uploads\/notre-demarche_1-768x511.jpg 768w, https:\/\/une-gaufrette-saperlipopette.be\/wp-content\/uploads\/notre-demarche_1-1536x1022.jpg 1536w, https:\/\/une-gaufrette-saperlipopette.be\/wp-content\/uploads\/notre-demarche_1.jpg 1920w\" sizes=\"(max-width: 980px) 100vw, 980px\" \/>\t\t\t\t\t\t\t\t\t\t\t\t\t\t<\/div>\r\n\t\t\t\t\t\t<\/div>\r\n\t\t\t\t<\/div>\r\n\t\t\t\t\t\t<\/div>\r\n\t\t\t\t\t<\/div>\r\n\t\t<\/div>\r\n\t\t\t\t\t\t\t\t<\/div>\r\n\t\t\t\t\t<\/div>\r\n\t\t<\/section>\r\n\t\t\t\t<section class=\"elementor-section elementor-top-section elementor-element elementor-element-0435783 elementor-section-boxed elementor-section-height-default elementor-section-height-default\" data-id=\"0435783\" data-element_type=\"section\">\r\n\t\t\t\t\t\t<div class=\"elementor-container elementor-column-gap-default\">\r\n\t\t\t\t\t\t\t<div class=\"elementor-row\">\r\n\t\t\t\t\t<div class=\"elementor-column elementor-col-100 elementor-top-column elementor-element elementor-element-ce08ffa\" data-id=\"ce08ffa\" data-element_type=\"column\">\r\n\t\t\t<div class=\"elementor-column-wrap\">\r\n\t\t\t\t\t\t\t<div class=\"elementor-widget-wrap\">\r\n\t\t\t\t\t\t\t\t<\/div>\r\n\t\t\t\t\t<\/div>\r\n\t\t<\/div>\r\n\t\t\t\t\t\t\t\t<\/div>\r\n\t\t\t\t\t<\/div>\r\n\t\t<\/section>\r\n\t\t\t\t<section class=\"elementor-section elementor-top-section elementor-element elementor-element-d1542f5 elementor-section-boxed elementor-section-height-default elementor-section-height-default\" data-id=\"d1542f5\" data-element_type=\"section\" data-settings=\"{&quot;background_background&quot;:&quot;classic&quot;}\">\r\n\t\t\t\t\t\t<div class=\"elementor-container elementor-column-gap-default\">\r\n\t\t\t\t\t\t\t<div class=\"elementor-row\">\r\n\t\t\t\t\t<div class=\"elementor-column elementor-col-100 elementor-top-column elementor-element elementor-element-761cb83\" data-id=\"761cb83\" data-element_type=\"column\">\r\n\t\t\t<div class=\"elementor-column-wrap elementor-element-populated\">\r\n\t\t\t\t\t\t\t<div class=\"elementor-widget-wrap\">\r\n\t\t\t\t\t\t<div class=\"elementor-element elementor-element-c93ed2d elementor-widget elementor-widget-spacer\" data-id=\"c93ed2d\" data-element_type=\"widget\" data-widget_type=\"spacer.default\">\r\n\t\t\t\t<div class=\"elementor-widget-container\">\r\n\t\t\t\t\t<div class=\"elementor-spacer\">\r\n\t\t\t<div class=\"elementor-spacer-inner\"><\/div>\r\n\t\t<\/div>\r\n\t\t\t\t<\/div>\r\n\t\t\t\t<\/div>\r\n\t\t\t\t<div class=\"elementor-element elementor-element-3ca8b10 elementor-widget elementor-widget-text-editor\" data-id=\"3ca8b10\" data-element_type=\"widget\" data-widget_type=\"text-editor.default\">\r\n\t\t\t\t<div class=\"elementor-widget-container\">\r\n\t\t\t\t\t\t\t\t<div class=\"elementor-text-editor elementor-clearfix\">\r\n\t\t\t\t<p>Het bewijs? Zelfs wie aan een glutenintolerantie lijdt, kan het brood van Saperlipopette eten. Het bevat uiteraard wel gluten, maar alleen de gluten die van nature in graan zitten. Het graan van Moulins Bodson ondergaat geen enkele chemische bewerking, het meel bevat dus geen toegevoegde gluten die voor last kunnen zorgen. Doe daar nog een snuifje 100% natuurlijk zout uit de Gu\u00e9rande en een groot glas zuiver water bij (uit twee osmosesystemen met premium filters). Het resultaat is een eerlijk en lekker product waarvan je echt geen kruimeltje wilt missen.<\/p>\n\t\t\t\t\t<\/div>\r\n\t\t\t\t\t\t<\/div>\r\n\t\t\t\t<\/div>\r\n\t\t\t\t<div class=\"elementor-element elementor-element-64ffef6 elementor-widget elementor-widget-spacer\" data-id=\"64ffef6\" data-element_type=\"widget\" data-widget_type=\"spacer.default\">\r\n\t\t\t\t<div class=\"elementor-widget-container\">\r\n\t\t\t\t\t<div class=\"elementor-spacer\">\r\n\t\t\t<div class=\"elementor-spacer-inner\"><\/div>\r\n\t\t<\/div>\r\n\t\t\t\t<\/div>\r\n\t\t\t\t<\/div>\r\n\t\t\t\t\t\t<\/div>\r\n\t\t\t\t\t<\/div>\r\n\t\t<\/div>\r\n\t\t\t\t\t\t\t\t<\/div>\r\n\t\t\t\t\t<\/div>\r\n\t\t<\/section>\r\n\t\t\t\t<section class=\"elementor-section elementor-top-section elementor-element elementor-element-af02309 elementor-section-boxed elementor-section-height-default elementor-section-height-default\" data-id=\"af02309\" data-element_type=\"section\">\r\n\t\t\t\t\t\t<div class=\"elementor-container elementor-column-gap-default\">\r\n\t\t\t\t\t\t\t<div class=\"elementor-row\">\r\n\t\t\t\t\t<div class=\"elementor-column elementor-col-100 elementor-top-column elementor-element elementor-element-418219b\" data-id=\"418219b\" data-element_type=\"column\">\r\n\t\t\t<div class=\"elementor-column-wrap elementor-element-populated\">\r\n\t\t\t\t\t\t\t<div class=\"elementor-widget-wrap\">\r\n\t\t\t\t\t\t<div class=\"elementor-element elementor-element-15502b7 elementor-widget elementor-widget-image\" data-id=\"15502b7\" data-element_type=\"widget\" data-widget_type=\"image.default\">\r\n\t\t\t\t<div class=\"elementor-widget-container\">\r\n\t\t\t\t\t\t\t\t<div class=\"elementor-image\">\r\n\t\t\t\t\t\t\t\t\t\t\t\t<img width=\"980\" height=\"652\" src=\"https:\/\/une-gaufrette-saperlipopette.be\/wp-content\/uploads\/notre-demarche_2-1024x681.jpg\" class=\"attachment-large size-large\" alt=\"\" loading=\"lazy\" srcset=\"https:\/\/une-gaufrette-saperlipopette.be\/wp-content\/uploads\/notre-demarche_2-1024x681.jpg 1024w, https:\/\/une-gaufrette-saperlipopette.be\/wp-content\/uploads\/notre-demarche_2-300x200.jpg 300w, https:\/\/une-gaufrette-saperlipopette.be\/wp-content\/uploads\/notre-demarche_2-768x511.jpg 768w, https:\/\/une-gaufrette-saperlipopette.be\/wp-content\/uploads\/notre-demarche_2-1536x1022.jpg 1536w, https:\/\/une-gaufrette-saperlipopette.be\/wp-content\/uploads\/notre-demarche_2.jpg 1920w\" sizes=\"(max-width: 980px) 100vw, 980px\" \/>\t\t\t\t\t\t\t\t\t\t\t\t\t\t<\/div>\r\n\t\t\t\t\t\t<\/div>\r\n\t\t\t\t<\/div>\r\n\t\t\t\t<div class=\"elementor-element elementor-element-0b0a90e elementor-widget elementor-widget-spacer\" data-id=\"0b0a90e\" data-element_type=\"widget\" data-widget_type=\"spacer.default\">\r\n\t\t\t\t<div class=\"elementor-widget-container\">\r\n\t\t\t\t\t<div class=\"elementor-spacer\">\r\n\t\t\t<div class=\"elementor-spacer-inner\"><\/div>\r\n\t\t<\/div>\r\n\t\t\t\t<\/div>\r\n\t\t\t\t<\/div>\r\n\t\t\t\t\t\t<\/div>\r\n\t\t\t\t\t<\/div>\r\n\t\t<\/div>\r\n\t\t\t\t\t\t\t\t<\/div>\r\n\t\t\t\t\t<\/div>\r\n\t\t<\/section>\r\n\t\t\t\t\t\t<\/div>\r\n\t\t\t\t\t\t<\/div>\r\n\t\t\t\t\t<\/div>\r\n\t\t","protected":false},"excerpt":{"rendered":"<p>Aangezien brood op dezelfde dag wordt gebakken en verkocht, is er geen etikettering vereist. Je kunt dus onmogelijk weten wat er echt in zit. Gelukkig is het brood van Saperlipopette van onschatbare waarde. Verse eieren, Beurre Rose uit Luxemburg, rauwe melk uit Aubel, lekker fruit uit de streek, meel van Moulins Bodson&#8230; De producten van [&hellip;]<\/p>\n","protected":false},"author":4,"featured_media":0,"parent":0,"menu_order":0,"comment_status":"closed","ping_status":"closed","template":"","meta":[],"acf":[],"yoast_head":"<!-- This site is optimized with the Yoast SEO plugin v19.6 - https:\/\/yoast.com\/wordpress\/plugins\/seo\/ -->\n<title>onze werkwijze - Une Gaufrette Saperlipopette<\/title>\n<meta name=\"robots\" content=\"index, follow, max-snippet:-1, max-image-preview:large, max-video-preview:-1\" \/>\n<link rel=\"canonical\" href=\"https:\/\/une-gaufrette-saperlipopette.be\/nl\/onze-werkwijze\/\" \/>\n<meta property=\"og:locale\" content=\"nl_NL\" \/>\n<meta property=\"og:type\" content=\"article\" \/>\n<meta property=\"og:title\" content=\"onze werkwijze - Une Gaufrette Saperlipopette\" \/>\n<meta property=\"og:description\" content=\"Aangezien brood op dezelfde dag wordt gebakken en verkocht, is er geen etikettering vereist. Je kunt dus onmogelijk weten wat er echt in zit. Gelukkig is het brood van Saperlipopette van onschatbare waarde. Verse eieren, Beurre Rose uit Luxemburg, rauwe melk uit Aubel, lekker fruit uit de streek, meel van Moulins Bodson&#8230; De producten van [&hellip;]\" \/>\n<meta property=\"og:url\" content=\"https:\/\/une-gaufrette-saperlipopette.be\/nl\/onze-werkwijze\/\" \/>\n<meta property=\"og:site_name\" content=\"Une Gaufrette Saperlipopette\" \/>\n<meta property=\"article:modified_time\" content=\"2021-08-24T14:10:34+00:00\" \/>\n<meta property=\"og:image\" content=\"https:\/\/une-gaufrette-saperlipopette.be\/wp-content\/uploads\/notre-demarche_1-1024x681.jpg\" \/>\n<meta name=\"twitter:card\" content=\"summary_large_image\" \/>\n<meta name=\"twitter:label1\" content=\"Geschatte leestijd\" \/>\n\t<meta name=\"twitter:data1\" content=\"2 minuten\" \/>\n<script type=\"application\/ld+json\" class=\"yoast-schema-graph\">{\"@context\":\"https:\/\/schema.org\",\"@graph\":[{\"@type\":\"WebPage\",\"@id\":\"https:\/\/une-gaufrette-saperlipopette.be\/nl\/onze-werkwijze\/\",\"url\":\"https:\/\/une-gaufrette-saperlipopette.be\/nl\/onze-werkwijze\/\",\"name\":\"onze werkwijze - Une Gaufrette Saperlipopette\",\"isPartOf\":{\"@id\":\"https:\/\/une-gaufrette-saperlipopette.be\/#website\"},\"datePublished\":\"2021-08-24T10:03:13+00:00\",\"dateModified\":\"2021-08-24T14:10:34+00:00\",\"breadcrumb\":{\"@id\":\"https:\/\/une-gaufrette-saperlipopette.be\/nl\/onze-werkwijze\/#breadcrumb\"},\"inLanguage\":\"nl\",\"potentialAction\":[{\"@type\":\"ReadAction\",\"target\":[\"https:\/\/une-gaufrette-saperlipopette.be\/nl\/onze-werkwijze\/\"]}]},{\"@type\":\"BreadcrumbList\",\"@id\":\"https:\/\/une-gaufrette-saperlipopette.be\/nl\/onze-werkwijze\/#breadcrumb\",\"itemListElement\":[{\"@type\":\"ListItem\",\"position\":1,\"name\":\"Home\",\"item\":\"https:\/\/une-gaufrette-saperlipopette.be\/nl\/\"},{\"@type\":\"ListItem\",\"position\":2,\"name\":\"onze werkwijze\"}]},{\"@type\":\"WebSite\",\"@id\":\"https:\/\/une-gaufrette-saperlipopette.be\/#website\",\"url\":\"https:\/\/une-gaufrette-saperlipopette.be\/\",\"name\":\"Une Gaufrette Saperlipopette\",\"description\":\"Boulangerie et boutique gourmande \u00e0 Li\u00e8ge\",\"publisher\":{\"@id\":\"https:\/\/une-gaufrette-saperlipopette.be\/#organization\"},\"potentialAction\":[{\"@type\":\"SearchAction\",\"target\":{\"@type\":\"EntryPoint\",\"urlTemplate\":\"https:\/\/une-gaufrette-saperlipopette.be\/?s={search_term_string}\"},\"query-input\":\"required name=search_term_string\"}],\"inLanguage\":\"nl\"},{\"@type\":\"Organization\",\"@id\":\"https:\/\/une-gaufrette-saperlipopette.be\/#organization\",\"name\":\"Une Gaufrette Saperlipopette\",\"url\":\"https:\/\/une-gaufrette-saperlipopette.be\/\",\"sameAs\":[],\"logo\":{\"@type\":\"ImageObject\",\"inLanguage\":\"nl\",\"@id\":\"https:\/\/une-gaufrette-saperlipopette.be\/#\/schema\/logo\/image\/\",\"url\":\"https:\/\/une-gaufrette-saperlipopette.be\/wp-content\/uploads\/2020\/07\/une-gaufrette-saperlipopette-logo-horizontal.png\",\"contentUrl\":\"https:\/\/une-gaufrette-saperlipopette.be\/wp-content\/uploads\/2020\/07\/une-gaufrette-saperlipopette-logo-horizontal.png\",\"width\":800,\"height\":164,\"caption\":\"Une Gaufrette Saperlipopette\"},\"image\":{\"@id\":\"https:\/\/une-gaufrette-saperlipopette.be\/#\/schema\/logo\/image\/\"}}]}<\/script>\n<!-- \/ Yoast SEO plugin. -->","yoast_head_json":{"title":"onze werkwijze - Une Gaufrette Saperlipopette","robots":{"index":"index","follow":"follow","max-snippet":"max-snippet:-1","max-image-preview":"max-image-preview:large","max-video-preview":"max-video-preview:-1"},"canonical":"https:\/\/une-gaufrette-saperlipopette.be\/nl\/onze-werkwijze\/","og_locale":"nl_NL","og_type":"article","og_title":"onze werkwijze - Une Gaufrette Saperlipopette","og_description":"Aangezien brood op dezelfde dag wordt gebakken en verkocht, is er geen etikettering vereist. Je kunt dus onmogelijk weten wat er echt in zit. Gelukkig is het brood van Saperlipopette van onschatbare waarde. Verse eieren, Beurre Rose uit Luxemburg, rauwe melk uit Aubel, lekker fruit uit de streek, meel van Moulins Bodson&#8230; De producten van [&hellip;]","og_url":"https:\/\/une-gaufrette-saperlipopette.be\/nl\/onze-werkwijze\/","og_site_name":"Une Gaufrette Saperlipopette","article_modified_time":"2021-08-24T14:10:34+00:00","og_image":[{"url":"https:\/\/une-gaufrette-saperlipopette.be\/wp-content\/uploads\/notre-demarche_1-1024x681.jpg"}],"twitter_card":"summary_large_image","twitter_misc":{"Geschatte leestijd":"2 minuten"},"schema":{"@context":"https:\/\/schema.org","@graph":[{"@type":"WebPage","@id":"https:\/\/une-gaufrette-saperlipopette.be\/nl\/onze-werkwijze\/","url":"https:\/\/une-gaufrette-saperlipopette.be\/nl\/onze-werkwijze\/","name":"onze werkwijze - Une Gaufrette Saperlipopette","isPartOf":{"@id":"https:\/\/une-gaufrette-saperlipopette.be\/#website"},"datePublished":"2021-08-24T10:03:13+00:00","dateModified":"2021-08-24T14:10:34+00:00","breadcrumb":{"@id":"https:\/\/une-gaufrette-saperlipopette.be\/nl\/onze-werkwijze\/#breadcrumb"},"inLanguage":"nl","potentialAction":[{"@type":"ReadAction","target":["https:\/\/une-gaufrette-saperlipopette.be\/nl\/onze-werkwijze\/"]}]},{"@type":"BreadcrumbList","@id":"https:\/\/une-gaufrette-saperlipopette.be\/nl\/onze-werkwijze\/#breadcrumb","itemListElement":[{"@type":"ListItem","position":1,"name":"Home","item":"https:\/\/une-gaufrette-saperlipopette.be\/nl\/"},{"@type":"ListItem","position":2,"name":"onze werkwijze"}]},{"@type":"WebSite","@id":"https:\/\/une-gaufrette-saperlipopette.be\/#website","url":"https:\/\/une-gaufrette-saperlipopette.be\/","name":"Une Gaufrette Saperlipopette","description":"Boulangerie et boutique gourmande \u00e0 Li\u00e8ge","publisher":{"@id":"https:\/\/une-gaufrette-saperlipopette.be\/#organization"},"potentialAction":[{"@type":"SearchAction","target":{"@type":"EntryPoint","urlTemplate":"https:\/\/une-gaufrette-saperlipopette.be\/?s={search_term_string}"},"query-input":"required name=search_term_string"}],"inLanguage":"nl"},{"@type":"Organization","@id":"https:\/\/une-gaufrette-saperlipopette.be\/#organization","name":"Une Gaufrette Saperlipopette","url":"https:\/\/une-gaufrette-saperlipopette.be\/","sameAs":[],"logo":{"@type":"ImageObject","inLanguage":"nl","@id":"https:\/\/une-gaufrette-saperlipopette.be\/#\/schema\/logo\/image\/","url":"https:\/\/une-gaufrette-saperlipopette.be\/wp-content\/uploads\/2020\/07\/une-gaufrette-saperlipopette-logo-horizontal.png","contentUrl":"https:\/\/une-gaufrette-saperlipopette.be\/wp-content\/uploads\/2020\/07\/une-gaufrette-saperlipopette-logo-horizontal.png","width":800,"height":164,"caption":"Une Gaufrette Saperlipopette"},"image":{"@id":"https:\/\/une-gaufrette-saperlipopette.be\/#\/schema\/logo\/image\/"}}]}},"_links":{"self":[{"href":"https:\/\/une-gaufrette-saperlipopette.be\/nl\/wp-json\/wp\/v2\/pages\/4223"}],"collection":[{"href":"https:\/\/une-gaufrette-saperlipopette.be\/nl\/wp-json\/wp\/v2\/pages"}],"about":[{"href":"https:\/\/une-gaufrette-saperlipopette.be\/nl\/wp-json\/wp\/v2\/types\/page"}],"author":[{"embeddable":true,"href":"https:\/\/une-gaufrette-saperlipopette.be\/nl\/wp-json\/wp\/v2\/users\/4"}],"replies":[{"embeddable":true,"href":"https:\/\/une-gaufrette-saperlipopette.be\/nl\/wp-json\/wp\/v2\/comments?post=4223"}],"version-history":[{"count":4,"href":"https:\/\/une-gaufrette-saperlipopette.be\/nl\/wp-json\/wp\/v2\/pages\/4223\/revisions"}],"predecessor-version":[{"id":4306,"href":"https:\/\/une-gaufrette-saperlipopette.be\/nl\/wp-json\/wp\/v2\/pages\/4223\/revisions\/4306"}],"wp:attachment":[{"href":"https:\/\/une-gaufrette-saperlipopette.be\/nl\/wp-json\/wp\/v2\/media?parent=4223"}],"curies":[{"name":"wp","href":"https:\/\/api.w.org\/{rel}","templated":true}]}}